{"id":6624,"date":"2025-11-27T11:14:38","date_gmt":"2025-11-27T10:14:38","guid":{"rendered":"https:\/\/villacheralpenarena.at\/terms-and-conditions\/"},"modified":"2026-01-14T15:30:52","modified_gmt":"2026-01-14T14:30:52","slug":"terms-and-conditions","status":"publish","type":"page","link":"https:\/\/villacheralpenarena.at\/en\/terms-and-conditions\/","title":{"rendered":"Terms and conditions"},"content":{"rendered":"\t\t<div data-elementor-type=\"wp-page\" data-elementor-id=\"6624\" class=\"elementor elementor-6624 elementor-6236\" data-elementor-post-type=\"page\">\n\t\t\t\t<div class=\"elementor-element elementor-element-1b1bd4d e-flex e-con-boxed e-con e-parent\" data-id=\"1b1bd4d\" data-element_type=\"container\" data-e-type=\"container\">\n\t\t\t\t\t<div class=\"e-con-inner\">\n\t\t\t\t<div class=\"elementor-element elementor-element-3aca1ff elementor-widget elementor-widget-text-editor\" data-id=\"3aca1ff\" data-element_type=\"widget\" data-e-type=\"widget\" data-widget_type=\"text-editor.default\">\n\t\t\t\t<div class=\"elementor-widget-container\">\n\t\t\t\t\t\t\t\t\t<h1><strong>Terms and conditions for competitions on the Villacher Alpen Arena Facebook and Instagram pages.<\/strong><\/h1><h2><strong>Organiser<\/strong><\/h2><ol><li>The Villacher Alpen Arena (VAA) is the organiser of the competitions held on the VAA&#8217;s Facebook and Instagram pages. Participation in a competition is subject exclusively to the following terms and conditions. <\/li><li>The competitions are not affiliated with Facebook\/Instagram and are in no way supported, sponsored or organised by Meta. Questions, comments or complaints regarding these competitions should be directed exclusively to the VAA. <\/li><\/ol><h2><strong>Participation<\/strong><\/h2><ol><li>All persons aged 18 or older are eligible to participate, with the exception of employees (and their relatives) of the organiser. Legal recourse and cash redemption of the prize are excluded. We reserve the right to cancel or terminate the competition prematurely (even without giving reasons). Attempts at manipulation will result in exclusion from the competition or the cancellation of any prizes won!<\/li><li>The VAA reserves the right to immediately delete comments with offensive, racist, sexually explicit, sexist or otherwise discriminatory or illegal content.<\/li><li>Participation in the competition does not entitle participants to a prize; prizes will be raffled among the participants.<\/li><\/ol><h2><strong>Competition procedure<\/strong><\/h2><ol><li>Participation in a competition is free of charge and independent of the purchase of goods and services.<\/li><li>The start and end dates of a competition will be announced on the VAA&#8217;s Facebook\/Instagram page.<\/li><li>The winner will be notified of their prize via a Facebook\/Instagram comment and\/or private message.<\/li><\/ol><h2><strong>Information on data protection<\/strong><\/h2><p>The names of participants will be collected for the purpose of participating in the competitions. In addition, the winners&#8217; address details and date of birth may also be collected. This data will be used and stored by the VAA exclusively for the purpose of conducting the competitions. The data will not be passed on to third parties. The storage of data can be revoked at any time by sending an email to office@villacheralpenarena.at.    <\/p><h2><strong>Information about submitted image material<\/strong><\/h2><p>By participating in a competition, the VAA is permitted to use submitted image material for advertising purposes.<\/p><p><em>Stand: 27.11.2025<\/em><\/p>\t\t\t\t\t\t\t\t<\/div>\n\t\t\t\t<\/div>\n\t\t\t\t\t<\/div>\n\t\t\t\t<\/div>\n\t\t\t\t<\/div>\n\t\t","protected":false},"excerpt":{"rendered":"<p>Terms and conditions for competitions on the Villacher Alpen Arena Facebook and Instagram pages. Organiser The Villacher Alpen Arena (VAA) is the organiser of the competitions held on the VAA&#8217;s Facebook and Instagram pages. Participation in a competition is subject exclusively to the following terms and conditions. The competitions are not affiliated with Facebook\/Instagram and [&hellip;]<\/p>\n","protected":false},"author":228540150,"featured_media":0,"parent":0,"menu_order":0,"comment_status":"closed","ping_status":"closed","template":"","meta":{"_acf_changed":false,"iawp_total_views":5,"footnotes":""},"class_list":["post-6624","page","type-page","status-publish","hentry","entry"],"acf":[],"yoast_head":"<!-- This site is optimized with the Yoast SEO plugin v27.5 - https:\/\/yoast.com\/product\/yoast-seo-wordpress\/ -->\n<title>Terms and conditions - Villacher Alpen Arena<\/title>\n<meta name=\"robots\" content=\"index, follow, max-snippet:-1, max-image-preview:large, max-video-preview:-1\" \/>\n<link rel=\"canonical\" href=\"https:\/\/villacheralpenarena.at\/en\/terms-and-conditions\/\" \/>\n<meta property=\"og:locale\" content=\"en_US\" \/>\n<meta property=\"og:type\" content=\"article\" \/>\n<meta property=\"og:title\" content=\"Terms and conditions - Villacher Alpen Arena\" \/>\n<meta property=\"og:description\" content=\"Terms and conditions for competitions on the Villacher Alpen Arena Facebook and Instagram pages. Organiser The Villacher Alpen Arena (VAA) is the organiser of the competitions held on the VAA&#8217;s Facebook and Instagram pages. Participation in a competition is subject exclusively to the following terms and conditions. The competitions are not affiliated with Facebook\/Instagram and [&hellip;]\" \/>\n<meta property=\"og:url\" content=\"https:\/\/villacheralpenarena.at\/en\/terms-and-conditions\/\" \/>\n<meta property=\"og:site_name\" content=\"Villacher Alpen Arena\" \/>\n<meta property=\"article:modified_time\" content=\"2026-01-14T14:30:52+00:00\" \/>\n<meta name=\"twitter:card\" content=\"summary_large_image\" \/>\n<meta name=\"twitter:label1\" content=\"Est. reading time\" \/>\n\t<meta name=\"twitter:data1\" content=\"2 minutes\" \/>\n<script type=\"application\/ld+json\" class=\"yoast-schema-graph\">{\"@context\":\"https:\\\/\\\/schema.org\",\"@graph\":[{\"@type\":\"WebPage\",\"@id\":\"https:\\\/\\\/villacheralpenarena.at\\\/en\\\/terms-and-conditions\\\/\",\"url\":\"https:\\\/\\\/villacheralpenarena.at\\\/en\\\/terms-and-conditions\\\/\",\"name\":\"Terms and conditions - Villacher Alpen Arena\",\"isPartOf\":{\"@id\":\"https:\\\/\\\/villacheralpenarena.at\\\/en\\\/#website\"},\"datePublished\":\"2025-11-27T10:14:38+00:00\",\"dateModified\":\"2026-01-14T14:30:52+00:00\",\"breadcrumb\":{\"@id\":\"https:\\\/\\\/villacheralpenarena.at\\\/en\\\/terms-and-conditions\\\/#breadcrumb\"},\"inLanguage\":\"en-US\",\"potentialAction\":[{\"@type\":\"ReadAction\",\"target\":[\"https:\\\/\\\/villacheralpenarena.at\\\/en\\\/terms-and-conditions\\\/\"]}]},{\"@type\":\"BreadcrumbList\",\"@id\":\"https:\\\/\\\/villacheralpenarena.at\\\/en\\\/terms-and-conditions\\\/#breadcrumb\",\"itemListElement\":[{\"@type\":\"ListItem\",\"position\":1,\"name\":\"Startseite\",\"item\":\"https:\\\/\\\/villacheralpenarena.at\\\/en\\\/homepage\\\/\"},{\"@type\":\"ListItem\",\"position\":2,\"name\":\"Terms and conditions\"}]},{\"@type\":\"WebSite\",\"@id\":\"https:\\\/\\\/villacheralpenarena.at\\\/en\\\/#website\",\"url\":\"https:\\\/\\\/villacheralpenarena.at\\\/en\\\/\",\"name\":\"Villacher Alpen Arena\",\"description\":\"VILLACHER ALPEN ARENA STEHT F\u00c3\u0153R #GRENZENLOSES SPORTVERGN\u00c3\u0153GEN!\",\"publisher\":{\"@id\":\"https:\\\/\\\/villacheralpenarena.at\\\/en\\\/#organization\"},\"potentialAction\":[{\"@type\":\"SearchAction\",\"target\":{\"@type\":\"EntryPoint\",\"urlTemplate\":\"https:\\\/\\\/villacheralpenarena.at\\\/en\\\/?s={search_term_string}\"},\"query-input\":{\"@type\":\"PropertyValueSpecification\",\"valueRequired\":true,\"valueName\":\"search_term_string\"}}],\"inLanguage\":\"en-US\"},{\"@type\":\"Organization\",\"@id\":\"https:\\\/\\\/villacheralpenarena.at\\\/en\\\/#organization\",\"name\":\"Villacher Alpen Arena\",\"url\":\"https:\\\/\\\/villacheralpenarena.at\\\/en\\\/\",\"logo\":{\"@type\":\"ImageObject\",\"inLanguage\":\"en-US\",\"@id\":\"https:\\\/\\\/villacheralpenarena.at\\\/en\\\/#\\\/schema\\\/logo\\\/image\\\/\",\"url\":\"https:\\\/\\\/villacheralpenarena.at\\\/wp-content\\\/uploads\\\/2025\\\/11\\\/logo_alpen_arena-scaled.png\",\"contentUrl\":\"https:\\\/\\\/villacheralpenarena.at\\\/wp-content\\\/uploads\\\/2025\\\/11\\\/logo_alpen_arena-scaled.png\",\"width\":2048,\"height\":745,\"caption\":\"Villacher Alpen Arena\"},\"image\":{\"@id\":\"https:\\\/\\\/villacheralpenarena.at\\\/en\\\/#\\\/schema\\\/logo\\\/image\\\/\"}}]}<\/script>\n<!-- \/ Yoast SEO plugin. -->","yoast_head_json":{"title":"Terms and conditions - Villacher Alpen Arena","robots":{"index":"index","follow":"follow","max-snippet":"max-snippet:-1","max-image-preview":"max-image-preview:large","max-video-preview":"max-video-preview:-1"},"canonical":"https:\/\/villacheralpenarena.at\/en\/terms-and-conditions\/","og_locale":"en_US","og_type":"article","og_title":"Terms and conditions - Villacher Alpen Arena","og_description":"Terms and conditions for competitions on the Villacher Alpen Arena Facebook and Instagram pages. Organiser The Villacher Alpen Arena (VAA) is the organiser of the competitions held on the VAA&#8217;s Facebook and Instagram pages. Participation in a competition is subject exclusively to the following terms and conditions. The competitions are not affiliated with Facebook\/Instagram and [&hellip;]","og_url":"https:\/\/villacheralpenarena.at\/en\/terms-and-conditions\/","og_site_name":"Villacher Alpen Arena","article_modified_time":"2026-01-14T14:30:52+00:00","twitter_card":"summary_large_image","twitter_misc":{"Est. reading time":"2 minutes"},"schema":{"@context":"https:\/\/schema.org","@graph":[{"@type":"WebPage","@id":"https:\/\/villacheralpenarena.at\/en\/terms-and-conditions\/","url":"https:\/\/villacheralpenarena.at\/en\/terms-and-conditions\/","name":"Terms and conditions - Villacher Alpen Arena","isPartOf":{"@id":"https:\/\/villacheralpenarena.at\/en\/#website"},"datePublished":"2025-11-27T10:14:38+00:00","dateModified":"2026-01-14T14:30:52+00:00","breadcrumb":{"@id":"https:\/\/villacheralpenarena.at\/en\/terms-and-conditions\/#breadcrumb"},"inLanguage":"en-US","potentialAction":[{"@type":"ReadAction","target":["https:\/\/villacheralpenarena.at\/en\/terms-and-conditions\/"]}]},{"@type":"BreadcrumbList","@id":"https:\/\/villacheralpenarena.at\/en\/terms-and-conditions\/#breadcrumb","itemListElement":[{"@type":"ListItem","position":1,"name":"Startseite","item":"https:\/\/villacheralpenarena.at\/en\/homepage\/"},{"@type":"ListItem","position":2,"name":"Terms and conditions"}]},{"@type":"WebSite","@id":"https:\/\/villacheralpenarena.at\/en\/#website","url":"https:\/\/villacheralpenarena.at\/en\/","name":"Villacher Alpen Arena","description":"VILLACHER ALPEN ARENA STEHT F\u00c3\u0153R #GRENZENLOSES SPORTVERGN\u00c3\u0153GEN!","publisher":{"@id":"https:\/\/villacheralpenarena.at\/en\/#organization"},"potentialAction":[{"@type":"SearchAction","target":{"@type":"EntryPoint","urlTemplate":"https:\/\/villacheralpenarena.at\/en\/?s={search_term_string}"},"query-input":{"@type":"PropertyValueSpecification","valueRequired":true,"valueName":"search_term_string"}}],"inLanguage":"en-US"},{"@type":"Organization","@id":"https:\/\/villacheralpenarena.at\/en\/#organization","name":"Villacher Alpen Arena","url":"https:\/\/villacheralpenarena.at\/en\/","logo":{"@type":"ImageObject","inLanguage":"en-US","@id":"https:\/\/villacheralpenarena.at\/en\/#\/schema\/logo\/image\/","url":"https:\/\/villacheralpenarena.at\/wp-content\/uploads\/2025\/11\/logo_alpen_arena-scaled.png","contentUrl":"https:\/\/villacheralpenarena.at\/wp-content\/uploads\/2025\/11\/logo_alpen_arena-scaled.png","width":2048,"height":745,"caption":"Villacher Alpen Arena"},"image":{"@id":"https:\/\/villacheralpenarena.at\/en\/#\/schema\/logo\/image\/"}}]}},"publishpress_future_action":{"enabled":false,"date":"2026-05-17 19:17:24","action":"change-status","newStatus":"draft","terms":[],"taxonomy":"translation_priority","extraData":[]},"publishpress_future_workflow_manual_trigger":{"enabledWorkflows":[]},"_links":{"self":[{"href":"https:\/\/villacheralpenarena.at\/en\/wp-json\/wp\/v2\/pages\/6624","targetHints":{"allow":["GET"]}}],"collection":[{"href":"https:\/\/villacheralpenarena.at\/en\/wp-json\/wp\/v2\/pages"}],"about":[{"href":"https:\/\/villacheralpenarena.at\/en\/wp-json\/wp\/v2\/types\/page"}],"author":[{"embeddable":true,"href":"https:\/\/villacheralpenarena.at\/en\/wp-json\/wp\/v2\/users\/228540150"}],"replies":[{"embeddable":true,"href":"https:\/\/villacheralpenarena.at\/en\/wp-json\/wp\/v2\/comments?post=6624"}],"version-history":[{"count":1,"href":"https:\/\/villacheralpenarena.at\/en\/wp-json\/wp\/v2\/pages\/6624\/revisions"}],"predecessor-version":[{"id":6625,"href":"https:\/\/villacheralpenarena.at\/en\/wp-json\/wp\/v2\/pages\/6624\/revisions\/6625"}],"wp:attachment":[{"href":"https:\/\/villacheralpenarena.at\/en\/wp-json\/wp\/v2\/media?parent=6624"}],"curies":[{"name":"wp","href":"https:\/\/api.w.org\/{rel}","templated":true}]}}