{"id":6592,"date":"2025-11-03T10:19:54","date_gmt":"2025-11-03T09:19:54","guid":{"rendered":"https:\/\/villacheralpenarena.at\/downloads\/"},"modified":"2026-01-14T15:08:38","modified_gmt":"2026-01-14T14:08:38","slug":"downloads","status":"publish","type":"page","link":"https:\/\/villacheralpenarena.at\/en\/downloads\/","title":{"rendered":"Downloads"},"content":{"rendered":"\t\t<div data-elementor-type=\"wp-page\" data-elementor-id=\"6592\" class=\"elementor elementor-6592 elementor-6101\" data-elementor-post-type=\"page\">\n\t\t\t\t<div class=\"elementor-element elementor-element-078da76 e-con-full e-flex e-con e-parent\" data-id=\"078da76\" data-element_type=\"container\" data-e-type=\"container\" data-settings=\"{&quot;background_background&quot;:&quot;classic&quot;,&quot;shape_divider_bottom&quot;:&quot;opacity-tilt&quot;}\">\n\t\t\t\t<div class=\"elementor-shape elementor-shape-bottom\" aria-hidden=\"true\" data-negative=\"false\">\n\t\t\t<svg xmlns=\"http:\/\/www.w3.org\/2000\/svg\" viewBox=\"0 0 2600 131.1\" preserveAspectRatio=\"none\">\n\t<path class=\"elementor-shape-fill\" d=\"M0 0L2600 0 2600 69.1 0 0z\"\/>\n\t<path class=\"elementor-shape-fill\" style=\"opacity:0.5\" d=\"M0 0L2600 0 2600 69.1 0 69.1z\"\/>\n\t<path class=\"elementor-shape-fill\" style=\"opacity:0.25\" d=\"M2600 0L0 0 0 130.1 2600 69.1z\"\/>\n<\/svg>\t\t<\/div>\n\t\t<div class=\"elementor-element elementor-element-fe234f8 e-con-full e-flex e-con e-child\" data-id=\"fe234f8\" data-element_type=\"container\" data-e-type=\"container\">\n\t\t\t\t<div class=\"elementor-element elementor-element-03971c0 elementor-widget elementor-widget-heading\" data-id=\"03971c0\" data-element_type=\"widget\" data-e-type=\"widget\" data-widget_type=\"heading.default\">\n\t\t\t\t<div class=\"elementor-widget-container\">\n\t\t\t\t\t<h1 class=\"elementor-heading-title elementor-size-default\">Download<\/h1>\t\t\t\t<\/div>\n\t\t\t\t<\/div>\n\t\t\t\t<\/div>\n\t\t\t\t<\/div>\n\t\t<div class=\"elementor-element elementor-element-455e2b0 e-flex e-con-boxed e-con e-parent\" data-id=\"455e2b0\" data-element_type=\"container\" data-e-type=\"container\">\n\t\t\t\t\t<div class=\"e-con-inner\">\n\t\t\t\t<div class=\"elementor-element elementor-element-e7b88bf elementor-widget elementor-widget-text-editor\" data-id=\"e7b88bf\" data-element_type=\"widget\" data-e-type=\"widget\" data-widget_type=\"text-editor.default\">\n\t\t\t\t<div class=\"elementor-widget-container\">\n\t\t\t\t\t\t\t\t\t<p>The Villacher Alpen Arena logo is available to clubs, event organisers and partners and may be used for communication and advertising materials (e.g. printed materials, posters, programmes, online posts, etc.) provided that these are <strong data-start=\"371\" data-end=\"476\">related to events or activities at the Villacher Alpen Arena<\/strong>.<\/p><p>Use of the logo outside this context or for commercial purposes not directly related to the Alpen Arena is <strong data-start=\"616\" data-end=\"635\">not permitted<\/strong>. Any alteration of the logo constitutes a <strong>copyright infringement<\/strong>! Partner logos or joint event logos require the written consent and confirmation of Villacher Alpen Arena. <\/p>\t\t\t\t\t\t\t\t<\/div>\n\t\t\t\t<\/div>\n\t\t<div class=\"elementor-element elementor-element-5aa4493 e-con-full e-flex e-con e-child\" data-id=\"5aa4493\" data-element_type=\"container\" data-e-type=\"container\">\n\t\t\t\t<div class=\"elementor-element elementor-element-7e4c1cd elementor-widget elementor-widget-image\" data-id=\"7e4c1cd\" data-element_type=\"widget\" data-e-type=\"widget\" data-widget_type=\"image.default\">\n\t\t\t\t<div class=\"elementor-widget-container\">\n\t\t\t\t\t\t\t\t\t\t\t\t\t\t\t<img decoding=\"async\" width=\"300\" height=\"109\" src=\"https:\/\/villacheralpenarena.at\/wp-content\/uploads\/2025\/11\/logo_alpen_arena-300x109.png\" class=\"attachment-medium size-medium wp-image-6591\" alt=\"\" srcset=\"https:\/\/villacheralpenarena.at\/wp-content\/uploads\/2025\/11\/logo_alpen_arena-300x109.png 300w, https:\/\/villacheralpenarena.at\/wp-content\/uploads\/2025\/11\/logo_alpen_arena-1024x372.png 1024w, https:\/\/villacheralpenarena.at\/wp-content\/uploads\/2025\/11\/logo_alpen_arena-768x279.png 768w, https:\/\/villacheralpenarena.at\/wp-content\/uploads\/2025\/11\/logo_alpen_arena-1536x558.png 1536w, https:\/\/villacheralpenarena.at\/wp-content\/uploads\/2025\/11\/logo_alpen_arena-scaled.png 2048w, https:\/\/villacheralpenarena.at\/wp-content\/uploads\/2025\/11\/logo_alpen_arena-18x7.png 18w\" sizes=\"(max-width: 300px) 100vw, 300px\" \/>\t\t\t\t\t\t\t\t\t\t\t\t\t\t\t<\/div>\n\t\t\t\t<\/div>\n\t\t\t\t<div class=\"elementor-element elementor-element-cdaeccf elementor-align-center elementor-mobile-align-center elementor-widget elementor-widget-button\" data-id=\"cdaeccf\" data-element_type=\"widget\" data-e-type=\"widget\" data-widget_type=\"button.default\">\n\t\t\t\t<div class=\"elementor-widget-container\">\n\t\t\t\t\t\t\t\t\t<div class=\"elementor-button-wrapper\">\n\t\t\t\t\t<a class=\"elementor-button elementor-button-link elementor-size-md\" href=\"https:\/\/villacheralpenarena.at\/wp-content\/uploads\/2022\/11\/cropped-Villach_Alpen-Arena-LOGO-NEU.jpg\" download=\"cropped-Villach_Alpen-Arena-LOGO-NEU.jpg\">\n\t\t\t\t\t\t<span class=\"elementor-button-content-wrapper\">\n\t\t\t\t\t\t\t\t\t<span class=\"elementor-button-text\">JPG<\/span>\n\t\t\t\t\t<\/span>\n\t\t\t\t\t<\/a>\n\t\t\t\t<\/div>\n\t\t\t\t\t\t\t\t<\/div>\n\t\t\t\t<\/div>\n\t\t\t\t<div class=\"elementor-element elementor-element-1d6bf55 elementor-align-center elementor-mobile-align-center elementor-widget elementor-widget-button\" data-id=\"1d6bf55\" data-element_type=\"widget\" data-e-type=\"widget\" data-widget_type=\"button.default\">\n\t\t\t\t<div class=\"elementor-widget-container\">\n\t\t\t\t\t\t\t\t\t<div class=\"elementor-button-wrapper\">\n\t\t\t\t\t<a class=\"elementor-button elementor-button-link elementor-size-md\" href=\"https:\/\/villacheralpenarena.at\/wp-content\/uploads\/2025\/11\/logo_alpen_arena-scaled.png\" download=\"logo_alpen_arena-scaled.png\">\n\t\t\t\t\t\t<span class=\"elementor-button-content-wrapper\">\n\t\t\t\t\t\t\t\t\t<span class=\"elementor-button-text\">PNG<\/span>\n\t\t\t\t\t<\/span>\n\t\t\t\t\t<\/a>\n\t\t\t\t<\/div>\n\t\t\t\t\t\t\t\t<\/div>\n\t\t\t\t<\/div>\n\t\t\t\t<\/div>\n\t\t\t\t\t<\/div>\n\t\t\t\t<\/div>\n\t\t\t\t<\/div>\n\t\t","protected":false},"excerpt":{"rendered":"<p>Download The Villacher Alpen Arena logo is available to clubs, event organisers and partners and may be used for communication and advertising materials (e.g. printed materials, posters, programmes, online posts, etc.) provided that these are related to events or activities at the Villacher Alpen Arena. Use of the logo outside this context or for commercial [&hellip;]<\/p>\n","protected":false},"author":228540150,"featured_media":0,"parent":0,"menu_order":0,"comment_status":"closed","ping_status":"closed","template":"","meta":{"_acf_changed":false,"iawp_total_views":6,"footnotes":""},"class_list":["post-6592","page","type-page","status-publish","hentry","entry"],"acf":[],"yoast_head":"<!-- This site is optimized with the Yoast SEO plugin v27.5 - https:\/\/yoast.com\/product\/yoast-seo-wordpress\/ -->\n<title>Downloads - Villacher Alpen Arena<\/title>\n<meta name=\"robots\" content=\"index, follow, max-snippet:-1, max-image-preview:large, max-video-preview:-1\" \/>\n<link rel=\"canonical\" href=\"https:\/\/villacheralpenarena.at\/en\/downloads\/\" \/>\n<meta property=\"og:locale\" content=\"en_US\" \/>\n<meta property=\"og:type\" content=\"article\" \/>\n<meta property=\"og:title\" content=\"Downloads - Villacher Alpen Arena\" \/>\n<meta property=\"og:description\" content=\"Download The Villacher Alpen Arena logo is available to clubs, event organisers and partners and may be used for communication and advertising materials (e.g. printed materials, posters, programmes, online posts, etc.) provided that these are related to events or activities at the Villacher Alpen Arena. Use of the logo outside this context or for commercial [&hellip;]\" \/>\n<meta property=\"og:url\" content=\"https:\/\/villacheralpenarena.at\/en\/downloads\/\" \/>\n<meta property=\"og:site_name\" content=\"Villacher Alpen Arena\" \/>\n<meta property=\"article:modified_time\" content=\"2026-01-14T14:08:38+00:00\" \/>\n<meta property=\"og:image\" content=\"https:\/\/villacheralpenarena.at\/wp-content\/uploads\/2025\/11\/logo_alpen_arena-scaled.png\" \/>\n\t<meta property=\"og:image:width\" content=\"2048\" \/>\n\t<meta property=\"og:image:height\" content=\"745\" \/>\n\t<meta property=\"og:image:type\" content=\"image\/png\" \/>\n<meta name=\"twitter:card\" content=\"summary_large_image\" \/>\n<script type=\"application\/ld+json\" class=\"yoast-schema-graph\">{\"@context\":\"https:\\\/\\\/schema.org\",\"@graph\":[{\"@type\":\"WebPage\",\"@id\":\"https:\\\/\\\/villacheralpenarena.at\\\/en\\\/downloads\\\/\",\"url\":\"https:\\\/\\\/villacheralpenarena.at\\\/en\\\/downloads\\\/\",\"name\":\"Downloads - Villacher Alpen Arena\",\"isPartOf\":{\"@id\":\"https:\\\/\\\/villacheralpenarena.at\\\/en\\\/#website\"},\"primaryImageOfPage\":{\"@id\":\"https:\\\/\\\/villacheralpenarena.at\\\/en\\\/downloads\\\/#primaryimage\"},\"image\":{\"@id\":\"https:\\\/\\\/villacheralpenarena.at\\\/en\\\/downloads\\\/#primaryimage\"},\"thumbnailUrl\":\"https:\\\/\\\/villacheralpenarena.at\\\/wp-content\\\/uploads\\\/2025\\\/11\\\/logo_alpen_arena-300x109.png\",\"datePublished\":\"2025-11-03T09:19:54+00:00\",\"dateModified\":\"2026-01-14T14:08:38+00:00\",\"breadcrumb\":{\"@id\":\"https:\\\/\\\/villacheralpenarena.at\\\/en\\\/downloads\\\/#breadcrumb\"},\"inLanguage\":\"en-US\",\"potentialAction\":[{\"@type\":\"ReadAction\",\"target\":[\"https:\\\/\\\/villacheralpenarena.at\\\/en\\\/downloads\\\/\"]}]},{\"@type\":\"ImageObject\",\"inLanguage\":\"en-US\",\"@id\":\"https:\\\/\\\/villacheralpenarena.at\\\/en\\\/downloads\\\/#primaryimage\",\"url\":\"https:\\\/\\\/villacheralpenarena.at\\\/wp-content\\\/uploads\\\/2025\\\/11\\\/logo_alpen_arena-300x109.png\",\"contentUrl\":\"https:\\\/\\\/villacheralpenarena.at\\\/wp-content\\\/uploads\\\/2025\\\/11\\\/logo_alpen_arena-300x109.png\"},{\"@type\":\"BreadcrumbList\",\"@id\":\"https:\\\/\\\/villacheralpenarena.at\\\/en\\\/downloads\\\/#breadcrumb\",\"itemListElement\":[{\"@type\":\"ListItem\",\"position\":1,\"name\":\"Startseite\",\"item\":\"https:\\\/\\\/villacheralpenarena.at\\\/en\\\/homepage\\\/\"},{\"@type\":\"ListItem\",\"position\":2,\"name\":\"Downloads\"}]},{\"@type\":\"WebSite\",\"@id\":\"https:\\\/\\\/villacheralpenarena.at\\\/en\\\/#website\",\"url\":\"https:\\\/\\\/villacheralpenarena.at\\\/en\\\/\",\"name\":\"Villacher Alpen Arena\",\"description\":\"VILLACHER ALPEN ARENA STEHT F\u00c3\u0153R #GRENZENLOSES SPORTVERGN\u00c3\u0153GEN!\",\"publisher\":{\"@id\":\"https:\\\/\\\/villacheralpenarena.at\\\/en\\\/#organization\"},\"potentialAction\":[{\"@type\":\"SearchAction\",\"target\":{\"@type\":\"EntryPoint\",\"urlTemplate\":\"https:\\\/\\\/villacheralpenarena.at\\\/en\\\/?s={search_term_string}\"},\"query-input\":{\"@type\":\"PropertyValueSpecification\",\"valueRequired\":true,\"valueName\":\"search_term_string\"}}],\"inLanguage\":\"en-US\"},{\"@type\":\"Organization\",\"@id\":\"https:\\\/\\\/villacheralpenarena.at\\\/en\\\/#organization\",\"name\":\"Villacher Alpen Arena\",\"url\":\"https:\\\/\\\/villacheralpenarena.at\\\/en\\\/\",\"logo\":{\"@type\":\"ImageObject\",\"inLanguage\":\"en-US\",\"@id\":\"https:\\\/\\\/villacheralpenarena.at\\\/en\\\/#\\\/schema\\\/logo\\\/image\\\/\",\"url\":\"https:\\\/\\\/villacheralpenarena.at\\\/wp-content\\\/uploads\\\/2025\\\/11\\\/logo_alpen_arena-scaled.png\",\"contentUrl\":\"https:\\\/\\\/villacheralpenarena.at\\\/wp-content\\\/uploads\\\/2025\\\/11\\\/logo_alpen_arena-scaled.png\",\"width\":2048,\"height\":745,\"caption\":\"Villacher Alpen Arena\"},\"image\":{\"@id\":\"https:\\\/\\\/villacheralpenarena.at\\\/en\\\/#\\\/schema\\\/logo\\\/image\\\/\"}}]}<\/script>\n<!-- \/ Yoast SEO plugin. -->","yoast_head_json":{"title":"Downloads - Villacher Alpen Arena","robots":{"index":"index","follow":"follow","max-snippet":"max-snippet:-1","max-image-preview":"max-image-preview:large","max-video-preview":"max-video-preview:-1"},"canonical":"https:\/\/villacheralpenarena.at\/en\/downloads\/","og_locale":"en_US","og_type":"article","og_title":"Downloads - Villacher Alpen Arena","og_description":"Download The Villacher Alpen Arena logo is available to clubs, event organisers and partners and may be used for communication and advertising materials (e.g. printed materials, posters, programmes, online posts, etc.) provided that these are related to events or activities at the Villacher Alpen Arena. Use of the logo outside this context or for commercial [&hellip;]","og_url":"https:\/\/villacheralpenarena.at\/en\/downloads\/","og_site_name":"Villacher Alpen Arena","article_modified_time":"2026-01-14T14:08:38+00:00","og_image":[{"width":2048,"height":745,"url":"https:\/\/villacheralpenarena.at\/wp-content\/uploads\/2025\/11\/logo_alpen_arena-scaled.png","type":"image\/png"}],"twitter_card":"summary_large_image","schema":{"@context":"https:\/\/schema.org","@graph":[{"@type":"WebPage","@id":"https:\/\/villacheralpenarena.at\/en\/downloads\/","url":"https:\/\/villacheralpenarena.at\/en\/downloads\/","name":"Downloads - Villacher Alpen Arena","isPartOf":{"@id":"https:\/\/villacheralpenarena.at\/en\/#website"},"primaryImageOfPage":{"@id":"https:\/\/villacheralpenarena.at\/en\/downloads\/#primaryimage"},"image":{"@id":"https:\/\/villacheralpenarena.at\/en\/downloads\/#primaryimage"},"thumbnailUrl":"https:\/\/villacheralpenarena.at\/wp-content\/uploads\/2025\/11\/logo_alpen_arena-300x109.png","datePublished":"2025-11-03T09:19:54+00:00","dateModified":"2026-01-14T14:08:38+00:00","breadcrumb":{"@id":"https:\/\/villacheralpenarena.at\/en\/downloads\/#breadcrumb"},"inLanguage":"en-US","potentialAction":[{"@type":"ReadAction","target":["https:\/\/villacheralpenarena.at\/en\/downloads\/"]}]},{"@type":"ImageObject","inLanguage":"en-US","@id":"https:\/\/villacheralpenarena.at\/en\/downloads\/#primaryimage","url":"https:\/\/villacheralpenarena.at\/wp-content\/uploads\/2025\/11\/logo_alpen_arena-300x109.png","contentUrl":"https:\/\/villacheralpenarena.at\/wp-content\/uploads\/2025\/11\/logo_alpen_arena-300x109.png"},{"@type":"BreadcrumbList","@id":"https:\/\/villacheralpenarena.at\/en\/downloads\/#breadcrumb","itemListElement":[{"@type":"ListItem","position":1,"name":"Startseite","item":"https:\/\/villacheralpenarena.at\/en\/homepage\/"},{"@type":"ListItem","position":2,"name":"Downloads"}]},{"@type":"WebSite","@id":"https:\/\/villacheralpenarena.at\/en\/#website","url":"https:\/\/villacheralpenarena.at\/en\/","name":"Villacher Alpen Arena","description":"VILLACHER ALPEN ARENA STEHT F\u00c3\u0153R #GRENZENLOSES SPORTVERGN\u00c3\u0153GEN!","publisher":{"@id":"https:\/\/villacheralpenarena.at\/en\/#organization"},"potentialAction":[{"@type":"SearchAction","target":{"@type":"EntryPoint","urlTemplate":"https:\/\/villacheralpenarena.at\/en\/?s={search_term_string}"},"query-input":{"@type":"PropertyValueSpecification","valueRequired":true,"valueName":"search_term_string"}}],"inLanguage":"en-US"},{"@type":"Organization","@id":"https:\/\/villacheralpenarena.at\/en\/#organization","name":"Villacher Alpen Arena","url":"https:\/\/villacheralpenarena.at\/en\/","logo":{"@type":"ImageObject","inLanguage":"en-US","@id":"https:\/\/villacheralpenarena.at\/en\/#\/schema\/logo\/image\/","url":"https:\/\/villacheralpenarena.at\/wp-content\/uploads\/2025\/11\/logo_alpen_arena-scaled.png","contentUrl":"https:\/\/villacheralpenarena.at\/wp-content\/uploads\/2025\/11\/logo_alpen_arena-scaled.png","width":2048,"height":745,"caption":"Villacher Alpen Arena"},"image":{"@id":"https:\/\/villacheralpenarena.at\/en\/#\/schema\/logo\/image\/"}}]}},"publishpress_future_action":{"enabled":false,"date":"2026-05-17 19:17:13","action":"change-status","newStatus":"draft","terms":[],"taxonomy":"translation_priority","extraData":[]},"publishpress_future_workflow_manual_trigger":{"enabledWorkflows":[]},"_links":{"self":[{"href":"https:\/\/villacheralpenarena.at\/en\/wp-json\/wp\/v2\/pages\/6592","targetHints":{"allow":["GET"]}}],"collection":[{"href":"https:\/\/villacheralpenarena.at\/en\/wp-json\/wp\/v2\/pages"}],"about":[{"href":"https:\/\/villacheralpenarena.at\/en\/wp-json\/wp\/v2\/types\/page"}],"author":[{"embeddable":true,"href":"https:\/\/villacheralpenarena.at\/en\/wp-json\/wp\/v2\/users\/228540150"}],"replies":[{"embeddable":true,"href":"https:\/\/villacheralpenarena.at\/en\/wp-json\/wp\/v2\/comments?post=6592"}],"version-history":[{"count":1,"href":"https:\/\/villacheralpenarena.at\/en\/wp-json\/wp\/v2\/pages\/6592\/revisions"}],"predecessor-version":[{"id":6593,"href":"https:\/\/villacheralpenarena.at\/en\/wp-json\/wp\/v2\/pages\/6592\/revisions\/6593"}],"wp:attachment":[{"href":"https:\/\/villacheralpenarena.at\/en\/wp-json\/wp\/v2\/media?parent=6592"}],"curies":[{"name":"wp","href":"https:\/\/api.w.org\/{rel}","templated":true}]}}