{"id":6588,"date":"2022-12-27T16:09:46","date_gmt":"2022-12-27T15:09:46","guid":{"rendered":"https:\/\/villacheralpenarena.at\/season-ticket-sales\/"},"modified":"2026-03-26T11:23:14","modified_gmt":"2026-03-26T10:23:14","slug":"season-ticket-sales","status":"publish","type":"page","link":"https:\/\/villacheralpenarena.at\/en\/season-ticket-sales\/","title":{"rendered":"season ticket sales"},"content":{"rendered":"\t\t<div data-elementor-type=\"wp-page\" data-elementor-id=\"6588\" class=\"elementor elementor-6588 elementor-1264\" data-elementor-post-type=\"page\">\n\t\t\t\t\t\t<section class=\"elementor-section elementor-top-section elementor-element elementor-element-33e86475 elementor-section-full_width elementor-section-height-min-height elementor-section-height-default elementor-section-items-middle\" data-id=\"33e86475\" data-element_type=\"section\" data-e-type=\"section\" data-settings=\"{&quot;background_background&quot;:&quot;classic&quot;,&quot;shape_divider_bottom&quot;:&quot;opacity-tilt&quot;}\">\n\t\t\t\t\t\t\t<div class=\"elementor-background-overlay\"><\/div>\n\t\t\t\t\t\t<div class=\"elementor-shape elementor-shape-bottom\" aria-hidden=\"true\" data-negative=\"false\">\n\t\t\t<svg xmlns=\"http:\/\/www.w3.org\/2000\/svg\" viewBox=\"0 0 2600 131.1\" preserveAspectRatio=\"none\">\n\t<path class=\"elementor-shape-fill\" d=\"M0 0L2600 0 2600 69.1 0 0z\"\/>\n\t<path class=\"elementor-shape-fill\" style=\"opacity:0.5\" d=\"M0 0L2600 0 2600 69.1 0 69.1z\"\/>\n\t<path class=\"elementor-shape-fill\" style=\"opacity:0.25\" d=\"M2600 0L0 0 0 130.1 2600 69.1z\"\/>\n<\/svg>\t\t<\/div>\n\t\t\t\t\t<div class=\"elementor-container elementor-column-gap-default\">\n\t\t\t\t\t<div class=\"elementor-column elementor-col-100 elementor-top-column elementor-element elementor-element-77fa37c9\" data-id=\"77fa37c9\" data-element_type=\"column\" data-e-type=\"column\">\n\t\t\t<div class=\"elementor-widget-wrap elementor-element-populated\">\n\t\t\t\t\t\t<div class=\"elementor-element elementor-element-3fe9e39d elementor-hidden-mobile elementor-widget elementor-widget-heading\" data-id=\"3fe9e39d\" data-element_type=\"widget\" data-e-type=\"widget\" data-widget_type=\"heading.default\">\n\t\t\t\t<div class=\"elementor-widget-container\">\n\t\t\t\t\t<h1 class=\"elementor-heading-title elementor-size-default\">SEASON TICKET SALE<\/h1>\t\t\t\t<\/div>\n\t\t\t\t<\/div>\n\t\t\t\t<div class=\"elementor-element elementor-element-be9e9f7 elementor-hidden-desktop elementor-hidden-tablet elementor-widget elementor-widget-heading\" data-id=\"be9e9f7\" data-element_type=\"widget\" data-e-type=\"widget\" data-widget_type=\"heading.default\">\n\t\t\t\t<div class=\"elementor-widget-container\">\n\t\t\t\t\t<h1 class=\"elementor-heading-title elementor-size-default\">SEASO TICKET<br>SALE<\/h1>\t\t\t\t<\/div>\n\t\t\t\t<\/div>\n\t\t\t\t\t<\/div>\n\t\t<\/div>\n\t\t\t\t\t<\/div>\n\t\t<\/section>\n\t\t\t\t<section class=\"elementor-section elementor-top-section elementor-element elementor-element-1435b4c elementor-section-boxed elementor-section-height-default elementor-section-height-default\" data-id=\"1435b4c\" data-element_type=\"section\" data-e-type=\"section\">\n\t\t\t\t\t\t<div class=\"elementor-container elementor-column-gap-default\">\n\t\t\t\t\t<div class=\"elementor-column elementor-col-100 elementor-top-column elementor-element elementor-element-4e30112\" data-id=\"4e30112\" data-element_type=\"column\" data-e-type=\"column\">\n\t\t\t<div class=\"elementor-widget-wrap elementor-element-populated\">\n\t\t\t\t\t\t<div class=\"elementor-element elementor-element-ddfc7c4 elementor-widget elementor-widget-text-editor\" data-id=\"ddfc7c4\" data-element_type=\"widget\" data-e-type=\"widget\" data-widget_type=\"text-editor.default\">\n\t\t\t\t<div class=\"elementor-widget-container\">\n\t\t\t\t\t\t\t\t\t<p>Here you can order a season ticket for the 2025\/2026 winter season online. Once your details have been sent to the VAA online (you will receive a confirmation email), your season ticket will be prepared for collection. If you are a new customer and the VAA does not yet have a photo of you on file, you will be asked to upload a photo (passport photo in JPEG format) to us.  <\/p>\t\t\t\t\t\t\t\t<\/div>\n\t\t\t\t<\/div>\n\t\t\t\t<div class=\"elementor-element elementor-element-997825b elementor-align-center elementor-mobile-align-center elementor-widget elementor-widget-button\" data-id=\"997825b\" data-element_type=\"widget\" data-e-type=\"widget\" data-widget_type=\"button.default\">\n\t\t\t\t<div class=\"elementor-widget-container\">\n\t\t\t\t\t\t\t\t\t<div class=\"elementor-button-wrapper\">\n\t\t\t\t\t<a class=\"elementor-button elementor-button-link elementor-size-md\" href=\"https:\/\/villacheralpenarena.at\/en\/informations\/prices-opening-hours\/#winter\" target=\"_blank\">\n\t\t\t\t\t\t<span class=\"elementor-button-content-wrapper\">\n\t\t\t\t\t\t\t\t\t<span class=\"elementor-button-text\">Current prices<\/span>\n\t\t\t\t\t<\/span>\n\t\t\t\t\t<\/a>\n\t\t\t\t<\/div>\n\t\t\t\t\t\t\t\t<\/div>\n\t\t\t\t<\/div>\n\t\t\t\t\t<\/div>\n\t\t<\/div>\n\t\t\t\t\t<\/div>\n\t\t<\/section>\n\t\t\t\t<section class=\"elementor-section elementor-top-section elementor-element elementor-element-aa663b3 elementor-section-boxed elementor-section-height-default elementor-section-height-default\" data-id=\"aa663b3\" data-element_type=\"section\" data-e-type=\"section\" data-settings=\"{&quot;background_background&quot;:&quot;classic&quot;}\">\n\t\t\t\t\t\t<div class=\"elementor-container elementor-column-gap-default\">\n\t\t\t\t\t<div class=\"elementor-column elementor-col-100 elementor-top-column elementor-element elementor-element-e524732\" data-id=\"e524732\" data-element_type=\"column\" data-e-type=\"column\">\n\t\t\t<div class=\"elementor-widget-wrap elementor-element-populated\">\n\t\t\t\t\t\t<div class=\"elementor-element elementor-element-8057a44 elementor-button-align-stretch elementor-widget elementor-widget-form\" data-id=\"8057a44\" data-element_type=\"widget\" data-e-type=\"widget\" data-settings=\"{&quot;step_next_label&quot;:&quot;Next&quot;,&quot;step_previous_label&quot;:&quot;previous&quot;,&quot;button_width&quot;:&quot;100&quot;,&quot;step_type&quot;:&quot;number_text&quot;,&quot;step_icon_shape&quot;:&quot;circle&quot;}\" data-widget_type=\"form.default\">\n\t\t\t\t<div class=\"elementor-widget-container\">\n\t\t\t\t\t\t\t<form class=\"elementor-form\" method=\"post\" name=\"season ticket sales\" aria-label=\"season ticket sales\">\n\t\t\t<input type=\"hidden\" name=\"post_id\" value=\"6588\"\/>\n\t\t\t<input type=\"hidden\" name=\"form_id\" value=\"8057a44\"\/>\n\t\t\t<input type=\"hidden\" name=\"referer_title\" value=\"Villacher Alpen Arena\" \/>\n\n\t\t\t\n\t\t\t<div class=\"elementor-form-fields-wrapper elementor-labels-above\">\n\t\t\t\t\t\t\t\t<div class=\"elementor-field-type-select elementor-field-group elementor-column elementor-field-group-field_c11f2bc elementor-col-50 elementor-field-required elementor-mark-required\">\n\t\t\t\t\t\t\t\t\t\t\t\t<label for=\"form-field-field_c11f2bc\" class=\"elementor-field-label\">\n\t\t\t\t\t\t\t\tAre you already a customer?\t\t\t\t\t\t\t<\/label>\n\t\t\t\t\t\t\t\t<div class=\"elementor-field elementor-select-wrapper remove-before \">\n\t\t\t<div class=\"select-caret-down-wrapper\">\n\t\t\t\t<i aria-hidden=\"true\" class=\"eicon-caret-down\"><\/i>\t\t\t<\/div>\n\t\t\t<select name=\"form_fields[field_c11f2bc]\" id=\"form-field-field_c11f2bc\" class=\"elementor-field-textual elementor-size-sm\" required=\"required\">\n\t\t\t\t\t\t\t\t\t<option value=\"Yes, I am already a customer \u2013 please select this option if your customer details are already stored. If your details have changed, please fill in the fields affected by the changes.\">Yes, I am already a customer \u2013 please select this option if your customer details are already stored. If your details have changed, please fill in the fields affected by the changes.<\/option>\n\t\t\t\t\t\t\t\t\t<option value=\"No, I am a new customer \u2013 please select this option if no details have been submitted to Villacher Alpen Arena before. \">No, I am a new customer \u2013 please select this option if no details have been submitted to Villacher Alpen Arena before. <\/option>\n\t\t\t\t\t\t\t<\/select>\n\t\t<\/div>\n\t\t\t\t\t\t<\/div>\n\t\t\t\t\t\t\t\t<div class=\"elementor-field-type-select elementor-field-group elementor-column elementor-field-group-alter elementor-col-50 elementor-field-required elementor-mark-required\">\n\t\t\t\t\t\t\t\t\t\t\t\t<label for=\"form-field-alter\" class=\"elementor-field-label\">\n\t\t\t\t\t\t\t\tAge\t\t\t\t\t\t\t<\/label>\n\t\t\t\t\t\t\t\t<div class=\"elementor-field elementor-select-wrapper remove-before \">\n\t\t\t<div class=\"select-caret-down-wrapper\">\n\t\t\t\t<i aria-hidden=\"true\" class=\"eicon-caret-down\"><\/i>\t\t\t<\/div>\n\t\t\t<select name=\"form_fields[alter]\" id=\"form-field-alter\" class=\"elementor-field-textual elementor-size-sm\" required=\"required\">\n\t\t\t\t\t\t\t\t\t<option value=\"Adult - aged 16 and over\">Adult - aged 16 and over<\/option>\n\t\t\t\t\t\t\t\t\t<option value=\"Teenager - up to the age of 15\">Teenager - up to the age of 15<\/option>\n\t\t\t\t\t\t\t<\/select>\n\t\t<\/div>\n\t\t\t\t\t\t<\/div>\n\t\t\t\t\t\t\t\t<div class=\"elementor-field-type-text elementor-field-group elementor-column elementor-field-group-name elementor-col-50 elementor-field-required elementor-mark-required\">\n\t\t\t\t\t\t\t\t\t\t\t\t<label for=\"form-field-name\" class=\"elementor-field-label\">\n\t\t\t\t\t\t\t\tFirst Name\t\t\t\t\t\t\t<\/label>\n\t\t\t\t\t\t\t\t\t\t\t\t\t\t<input size=\"1\" type=\"text\" name=\"form_fields[name]\" id=\"form-field-name\" class=\"elementor-field elementor-size-sm  elementor-field-textual\" placeholder=\"First Name\" required=\"required\">\n\t\t\t\t\t\t\t\t\t\t\t<\/div>\n\t\t\t\t\t\t\t\t<div class=\"elementor-field-type-text elementor-field-group elementor-column elementor-field-group-nachname elementor-col-50 elementor-field-required elementor-mark-required\">\n\t\t\t\t\t\t\t\t\t\t\t\t<label for=\"form-field-nachname\" class=\"elementor-field-label\">\n\t\t\t\t\t\t\t\tLast Name\t\t\t\t\t\t\t<\/label>\n\t\t\t\t\t\t\t\t\t\t\t\t\t\t<input size=\"1\" type=\"text\" name=\"form_fields[nachname]\" id=\"form-field-nachname\" class=\"elementor-field elementor-size-sm  elementor-field-textual\" placeholder=\"Last Name\" required=\"required\">\n\t\t\t\t\t\t\t\t\t\t\t<\/div>\n\t\t\t\t\t\t\t\t<div class=\"elementor-field-type-text elementor-field-group elementor-column elementor-field-group-adresse elementor-col-100\">\n\t\t\t\t\t\t\t\t\t\t\t\t<label for=\"form-field-adresse\" class=\"elementor-field-label\">\n\t\t\t\t\t\t\t\tAdress\t\t\t\t\t\t\t<\/label>\n\t\t\t\t\t\t\t\t\t\t\t\t\t\t<input size=\"1\" type=\"text\" name=\"form_fields[adresse]\" id=\"form-field-adresse\" class=\"elementor-field elementor-size-sm  elementor-field-textual\" placeholder=\"Street and house number\">\n\t\t\t\t\t\t\t\t\t\t\t<\/div>\n\t\t\t\t\t\t\t\t<div class=\"elementor-field-type-number elementor-field-group elementor-column elementor-field-group-PLZ elementor-col-50\">\n\t\t\t\t\t\t\t\t\t\t\t\t<label for=\"form-field-PLZ\" class=\"elementor-field-label\">\n\t\t\t\t\t\t\t\tPostcode\t\t\t\t\t\t\t<\/label>\n\t\t\t\t\t\t\t\t\t<input type=\"number\" name=\"form_fields[PLZ]\" id=\"form-field-PLZ\" class=\"elementor-field elementor-size-sm  elementor-field-textual\" placeholder=\"Postcode\" min=\"\" max=\"\" >\n\t\t\t\t\t\t<\/div>\n\t\t\t\t\t\t\t\t<div class=\"elementor-field-type-text elementor-field-group elementor-column elementor-field-group-ort elementor-col-50\">\n\t\t\t\t\t\t\t\t\t\t\t\t<label for=\"form-field-ort\" class=\"elementor-field-label\">\n\t\t\t\t\t\t\t\tCity\t\t\t\t\t\t\t<\/label>\n\t\t\t\t\t\t\t\t\t\t\t\t\t\t<input size=\"1\" type=\"text\" name=\"form_fields[ort]\" id=\"form-field-ort\" class=\"elementor-field elementor-size-sm  elementor-field-textual\" placeholder=\"City\">\n\t\t\t\t\t\t\t\t\t\t\t<\/div>\n\t\t\t\t\t\t\t\t<div class=\"elementor-field-type-email elementor-field-group elementor-column elementor-field-group-email elementor-col-100 elementor-field-required elementor-mark-required\">\n\t\t\t\t\t\t\t\t\t\t\t\t<label for=\"form-field-email\" class=\"elementor-field-label\">\n\t\t\t\t\t\t\t\tE-Mail\t\t\t\t\t\t\t<\/label>\n\t\t\t\t\t\t\t\t\t\t\t\t\t\t<input size=\"1\" type=\"email\" name=\"form_fields[email]\" id=\"form-field-email\" class=\"elementor-field elementor-size-sm  elementor-field-textual\" placeholder=\"E-Mail\" required=\"required\">\n\t\t\t\t\t\t\t\t\t\t\t<\/div>\n\t\t\t\t\t\t\t\t<div class=\"elementor-field-type-textarea elementor-field-group elementor-column elementor-field-group-message elementor-col-100\">\n\t\t\t\t\t\t\t\t\t\t\t\t<label for=\"form-field-message\" class=\"elementor-field-label\">\n\t\t\t\t\t\t\t\tComments\t\t\t\t\t\t\t<\/label>\n\t\t\t\t\t\t<textarea class=\"elementor-field-textual elementor-field  elementor-size-sm\" name=\"form_fields[message]\" id=\"form-field-message\" rows=\"4\" placeholder=\"Comments\"><\/textarea>\t\t\t\t<\/div>\n\t\t\t\t\t\t\t\t<div class=\"elementor-field-type-upload elementor-field-group elementor-column elementor-field-group-field_ea944ce elementor-col-100\">\n\t\t\t\t\t\t\t\t\t\t\t\t<label for=\"form-field-field_ea944ce\" class=\"elementor-field-label\">\n\t\t\t\t\t\t\t\tID photo\t\t\t\t\t\t\t<\/label>\n\t\t\t\t\t\t\t\t<input type=\"file\" name=\"form_fields[field_ea944ce]\" id=\"form-field-field_ea944ce\" class=\"elementor-field elementor-size-sm  elementor-upload-field\" data-maxsize=\"5\" data-maxsize-message=\"This file exceeds the maximum allowed size.\">\n\n\t\t\t\t\t\t<\/div>\n\t\t\t\t\t\t\t\t<div class=\"elementor-field-type-acceptance elementor-field-group elementor-column elementor-field-group-field_fbb2085 elementor-col-100 elementor-field-required elementor-mark-required\">\n\t\t\t\t\t\t\t<div class=\"elementor-field-subgroup\">\n\t\t\t<span class=\"elementor-field-option\">\n\t\t\t\t<input type=\"checkbox\" name=\"form_fields[field_fbb2085]\" id=\"form-field-field_fbb2085\" class=\"elementor-field elementor-size-sm  elementor-acceptance-field\" required=\"required\">\n\t\t\t\t<label for=\"form-field-field_fbb2085\">I consent to the processing of the personal data I have provided for the above-mentioned processing purpose.\nAll information on this can be found in our <a href=\"https:\/\/villacheralpenarena.at\/en\/privacy-policy\/\" target=\"blank\">privacy policy<\/a>.<\/label>\t\t\t<\/span>\n\t\t<\/div>\n\t\t\t\t\t\t<\/div>\n\t\t\t\t\t\t\t\t<div class=\"elementor-field-type-recaptcha_v3 elementor-field-group elementor-column elementor-field-group-field_d4b1235 elementor-col-100 recaptcha_v3-bottomright\">\n\t\t\t\t\t<div class=\"elementor-field\" id=\"form-field-field_d4b1235\"><div class=\"elementor-g-recaptcha\" data-sitekey=\"6LemerUqAAAAAPqSGotlW33YNcFuu6XEc0X8C_qg\" data-type=\"v3\" data-action=\"Form\" data-badge=\"bottomright\" data-size=\"invisible\"><\/div><\/div>\t\t\t\t<\/div>\n\t\t\t\t\t\t\t\t<div class=\"elementor-field-group elementor-column elementor-field-type-submit elementor-col-100 e-form__buttons\">\n\t\t\t\t\t<button class=\"elementor-button elementor-size-sm\" type=\"submit\">\n\t\t\t\t\t\t<span class=\"elementor-button-content-wrapper\">\n\t\t\t\t\t\t\t\t\t\t\t\t\t\t\t\t\t\t\t\t\t\t<span class=\"elementor-button-text\">Send<\/span>\n\t\t\t\t\t\t\t\t\t\t\t\t\t<\/span>\n\t\t\t\t\t<\/button>\n\t\t\t\t<\/div>\n\t\t\t<\/div>\n\t\t<\/form>\n\t\t\t\t\t\t<\/div>\n\t\t\t\t<\/div>\n\t\t\t\t\t<\/div>\n\t\t<\/div>\n\t\t\t\t\t<\/div>\n\t\t<\/section>\n\t\t\t\t<\/div>\n\t\t","protected":false},"excerpt":{"rendered":"<p>SEASON TICKET SALE SEASO TICKETSALE Here you can order a season ticket for the 2025\/2026 winter season online. Once your details have been sent to the VAA online (you will receive a confirmation email), your season ticket will be prepared for collection. If you are a new customer and the VAA does not yet have [&hellip;]<\/p>\n","protected":false},"author":228540146,"featured_media":0,"parent":0,"menu_order":0,"comment_status":"closed","ping_status":"closed","template":"","meta":{"_acf_changed":false,"iawp_total_views":13,"footnotes":""},"class_list":["post-6588","page","type-page","status-publish","hentry","entry"],"acf":[],"yoast_head":"<!-- This site is optimized with the Yoast SEO plugin v27.5 - https:\/\/yoast.com\/product\/yoast-seo-wordpress\/ -->\n<title>season ticket sales - Villacher Alpen Arena<\/title>\n<meta name=\"robots\" content=\"index, follow, max-snippet:-1, max-image-preview:large, max-video-preview:-1\" \/>\n<link rel=\"canonical\" href=\"https:\/\/villacheralpenarena.at\/en\/season-ticket-sales\/\" \/>\n<meta property=\"og:locale\" content=\"en_US\" \/>\n<meta property=\"og:type\" content=\"article\" \/>\n<meta property=\"og:title\" content=\"season ticket sales - Villacher Alpen Arena\" \/>\n<meta property=\"og:description\" content=\"SEASON TICKET SALE SEASO TICKETSALE Here you can order a season ticket for the 2025\/2026 winter season online. Once your details have been sent to the VAA online (you will receive a confirmation email), your season ticket will be prepared for collection. If you are a new customer and the VAA does not yet have [&hellip;]\" \/>\n<meta property=\"og:url\" content=\"https:\/\/villacheralpenarena.at\/en\/season-ticket-sales\/\" \/>\n<meta property=\"og:site_name\" content=\"Villacher Alpen Arena\" \/>\n<meta property=\"article:modified_time\" content=\"2026-03-26T10:23:14+00:00\" \/>\n<meta name=\"twitter:card\" content=\"summary_large_image\" \/>\n<script type=\"application\/ld+json\" class=\"yoast-schema-graph\">{\"@context\":\"https:\\\/\\\/schema.org\",\"@graph\":[{\"@type\":\"WebPage\",\"@id\":\"https:\\\/\\\/villacheralpenarena.at\\\/en\\\/season-ticket-sales\\\/\",\"url\":\"https:\\\/\\\/villacheralpenarena.at\\\/en\\\/season-ticket-sales\\\/\",\"name\":\"season ticket sales - Villacher Alpen Arena\",\"isPartOf\":{\"@id\":\"https:\\\/\\\/villacheralpenarena.at\\\/en\\\/#website\"},\"datePublished\":\"2022-12-27T15:09:46+00:00\",\"dateModified\":\"2026-03-26T10:23:14+00:00\",\"breadcrumb\":{\"@id\":\"https:\\\/\\\/villacheralpenarena.at\\\/en\\\/season-ticket-sales\\\/#breadcrumb\"},\"inLanguage\":\"en-US\",\"potentialAction\":[{\"@type\":\"ReadAction\",\"target\":[\"https:\\\/\\\/villacheralpenarena.at\\\/en\\\/season-ticket-sales\\\/\"]}]},{\"@type\":\"BreadcrumbList\",\"@id\":\"https:\\\/\\\/villacheralpenarena.at\\\/en\\\/season-ticket-sales\\\/#breadcrumb\",\"itemListElement\":[{\"@type\":\"ListItem\",\"position\":1,\"name\":\"Startseite\",\"item\":\"https:\\\/\\\/villacheralpenarena.at\\\/en\\\/homepage\\\/\"},{\"@type\":\"ListItem\",\"position\":2,\"name\":\"season ticket sales\"}]},{\"@type\":\"WebSite\",\"@id\":\"https:\\\/\\\/villacheralpenarena.at\\\/en\\\/#website\",\"url\":\"https:\\\/\\\/villacheralpenarena.at\\\/en\\\/\",\"name\":\"Villacher Alpen Arena\",\"description\":\"VILLACHER ALPEN ARENA STEHT F\u00c3\u0153R #GRENZENLOSES SPORTVERGN\u00c3\u0153GEN!\",\"publisher\":{\"@id\":\"https:\\\/\\\/villacheralpenarena.at\\\/en\\\/#organization\"},\"potentialAction\":[{\"@type\":\"SearchAction\",\"target\":{\"@type\":\"EntryPoint\",\"urlTemplate\":\"https:\\\/\\\/villacheralpenarena.at\\\/en\\\/?s={search_term_string}\"},\"query-input\":{\"@type\":\"PropertyValueSpecification\",\"valueRequired\":true,\"valueName\":\"search_term_string\"}}],\"inLanguage\":\"en-US\"},{\"@type\":\"Organization\",\"@id\":\"https:\\\/\\\/villacheralpenarena.at\\\/en\\\/#organization\",\"name\":\"Villacher Alpen Arena\",\"url\":\"https:\\\/\\\/villacheralpenarena.at\\\/en\\\/\",\"logo\":{\"@type\":\"ImageObject\",\"inLanguage\":\"en-US\",\"@id\":\"https:\\\/\\\/villacheralpenarena.at\\\/en\\\/#\\\/schema\\\/logo\\\/image\\\/\",\"url\":\"https:\\\/\\\/villacheralpenarena.at\\\/wp-content\\\/uploads\\\/2025\\\/11\\\/logo_alpen_arena-scaled.png\",\"contentUrl\":\"https:\\\/\\\/villacheralpenarena.at\\\/wp-content\\\/uploads\\\/2025\\\/11\\\/logo_alpen_arena-scaled.png\",\"width\":2048,\"height\":745,\"caption\":\"Villacher Alpen Arena\"},\"image\":{\"@id\":\"https:\\\/\\\/villacheralpenarena.at\\\/en\\\/#\\\/schema\\\/logo\\\/image\\\/\"}}]}<\/script>\n<!-- \/ Yoast SEO plugin. -->","yoast_head_json":{"title":"season ticket sales - Villacher Alpen Arena","robots":{"index":"index","follow":"follow","max-snippet":"max-snippet:-1","max-image-preview":"max-image-preview:large","max-video-preview":"max-video-preview:-1"},"canonical":"https:\/\/villacheralpenarena.at\/en\/season-ticket-sales\/","og_locale":"en_US","og_type":"article","og_title":"season ticket sales - Villacher Alpen Arena","og_description":"SEASON TICKET SALE SEASO TICKETSALE Here you can order a season ticket for the 2025\/2026 winter season online. Once your details have been sent to the VAA online (you will receive a confirmation email), your season ticket will be prepared for collection. If you are a new customer and the VAA does not yet have [&hellip;]","og_url":"https:\/\/villacheralpenarena.at\/en\/season-ticket-sales\/","og_site_name":"Villacher Alpen Arena","article_modified_time":"2026-03-26T10:23:14+00:00","twitter_card":"summary_large_image","schema":{"@context":"https:\/\/schema.org","@graph":[{"@type":"WebPage","@id":"https:\/\/villacheralpenarena.at\/en\/season-ticket-sales\/","url":"https:\/\/villacheralpenarena.at\/en\/season-ticket-sales\/","name":"season ticket sales - Villacher Alpen Arena","isPartOf":{"@id":"https:\/\/villacheralpenarena.at\/en\/#website"},"datePublished":"2022-12-27T15:09:46+00:00","dateModified":"2026-03-26T10:23:14+00:00","breadcrumb":{"@id":"https:\/\/villacheralpenarena.at\/en\/season-ticket-sales\/#breadcrumb"},"inLanguage":"en-US","potentialAction":[{"@type":"ReadAction","target":["https:\/\/villacheralpenarena.at\/en\/season-ticket-sales\/"]}]},{"@type":"BreadcrumbList","@id":"https:\/\/villacheralpenarena.at\/en\/season-ticket-sales\/#breadcrumb","itemListElement":[{"@type":"ListItem","position":1,"name":"Startseite","item":"https:\/\/villacheralpenarena.at\/en\/homepage\/"},{"@type":"ListItem","position":2,"name":"season ticket sales"}]},{"@type":"WebSite","@id":"https:\/\/villacheralpenarena.at\/en\/#website","url":"https:\/\/villacheralpenarena.at\/en\/","name":"Villacher Alpen Arena","description":"VILLACHER ALPEN ARENA STEHT F\u00c3\u0153R #GRENZENLOSES SPORTVERGN\u00c3\u0153GEN!","publisher":{"@id":"https:\/\/villacheralpenarena.at\/en\/#organization"},"potentialAction":[{"@type":"SearchAction","target":{"@type":"EntryPoint","urlTemplate":"https:\/\/villacheralpenarena.at\/en\/?s={search_term_string}"},"query-input":{"@type":"PropertyValueSpecification","valueRequired":true,"valueName":"search_term_string"}}],"inLanguage":"en-US"},{"@type":"Organization","@id":"https:\/\/villacheralpenarena.at\/en\/#organization","name":"Villacher Alpen Arena","url":"https:\/\/villacheralpenarena.at\/en\/","logo":{"@type":"ImageObject","inLanguage":"en-US","@id":"https:\/\/villacheralpenarena.at\/en\/#\/schema\/logo\/image\/","url":"https:\/\/villacheralpenarena.at\/wp-content\/uploads\/2025\/11\/logo_alpen_arena-scaled.png","contentUrl":"https:\/\/villacheralpenarena.at\/wp-content\/uploads\/2025\/11\/logo_alpen_arena-scaled.png","width":2048,"height":745,"caption":"Villacher Alpen Arena"},"image":{"@id":"https:\/\/villacheralpenarena.at\/en\/#\/schema\/logo\/image\/"}}]}},"publishpress_future_action":{"enabled":false,"date":"2026-05-17 21:29:13","action":"change-status","newStatus":"draft","terms":[],"taxonomy":"translation_priority","extraData":[]},"publishpress_future_workflow_manual_trigger":{"enabledWorkflows":[]},"_links":{"self":[{"href":"https:\/\/villacheralpenarena.at\/en\/wp-json\/wp\/v2\/pages\/6588","targetHints":{"allow":["GET"]}}],"collection":[{"href":"https:\/\/villacheralpenarena.at\/en\/wp-json\/wp\/v2\/pages"}],"about":[{"href":"https:\/\/villacheralpenarena.at\/en\/wp-json\/wp\/v2\/types\/page"}],"author":[{"embeddable":true,"href":"https:\/\/villacheralpenarena.at\/en\/wp-json\/wp\/v2\/users\/228540146"}],"replies":[{"embeddable":true,"href":"https:\/\/villacheralpenarena.at\/en\/wp-json\/wp\/v2\/comments?post=6588"}],"version-history":[{"count":1,"href":"https:\/\/villacheralpenarena.at\/en\/wp-json\/wp\/v2\/pages\/6588\/revisions"}],"predecessor-version":[{"id":6589,"href":"https:\/\/villacheralpenarena.at\/en\/wp-json\/wp\/v2\/pages\/6588\/revisions\/6589"}],"wp:attachment":[{"href":"https:\/\/villacheralpenarena.at\/en\/wp-json\/wp\/v2\/media?parent=6588"}],"curies":[{"name":"wp","href":"https:\/\/api.w.org\/{rel}","templated":true}]}}