{"id":6431,"date":"2023-01-19T14:13:07","date_gmt":"2023-01-19T13:13:07","guid":{"rendered":"https:\/\/villacheralpenarena.at\/informations\/sports-equipment-rental\/"},"modified":"2026-03-26T11:22:35","modified_gmt":"2026-03-26T10:22:35","slug":"sports-equipment-rental","status":"publish","type":"page","link":"https:\/\/villacheralpenarena.at\/en\/informations\/sports-equipment-rental\/","title":{"rendered":"Sports Equipment Rental"},"content":{"rendered":"\t\t<div data-elementor-type=\"wp-page\" data-elementor-id=\"6431\" class=\"elementor elementor-6431 elementor-1946\" data-elementor-post-type=\"page\">\n\t\t\t\t\t\t<section class=\"elementor-section elementor-top-section elementor-element elementor-element-709390ab elementor-section-full_width elementor-section-height-min-height elementor-section-height-default elementor-section-items-middle\" data-id=\"709390ab\" data-element_type=\"section\" data-e-type=\"section\" data-settings=\"{&quot;background_background&quot;:&quot;slideshow&quot;,&quot;background_slideshow_gallery&quot;:[{&quot;id&quot;:6319,&quot;url&quot;:&quot;https:\\\/\\\/villacheralpenarena.at\\\/wp-content\\\/uploads\\\/2025\\\/04\\\/Villacher-Alpen-Arena-Langlaufloipe-1-scaled.jpg&quot;},{&quot;id&quot;:6387,&quot;url&quot;:&quot;https:\\\/\\\/villacheralpenarena.at\\\/wp-content\\\/uploads\\\/2025\\\/11\\\/Villacher-Alpen-Arena-Langlaufloipe-25-scaled.jpg&quot;}],&quot;background_slideshow_slide_duration&quot;:&quot;10000&quot;,&quot;background_slideshow_ken_burns&quot;:&quot;yes&quot;,&quot;background_slideshow_ken_burns_zoom_direction&quot;:&quot;out&quot;,&quot;shape_divider_bottom&quot;:&quot;opacity-tilt&quot;,&quot;background_slideshow_loop&quot;:&quot;yes&quot;,&quot;background_slideshow_slide_transition&quot;:&quot;fade&quot;,&quot;background_slideshow_transition_duration&quot;:500}\">\n\t\t\t\t\t\t\t<div class=\"elementor-background-overlay\"><\/div>\n\t\t\t\t\t\t<div class=\"elementor-shape elementor-shape-bottom\" aria-hidden=\"true\" data-negative=\"false\">\n\t\t\t<svg xmlns=\"http:\/\/www.w3.org\/2000\/svg\" viewBox=\"0 0 2600 131.1\" preserveAspectRatio=\"none\">\n\t<path class=\"elementor-shape-fill\" d=\"M0 0L2600 0 2600 69.1 0 0z\"\/>\n\t<path class=\"elementor-shape-fill\" style=\"opacity:0.5\" d=\"M0 0L2600 0 2600 69.1 0 69.1z\"\/>\n\t<path class=\"elementor-shape-fill\" style=\"opacity:0.25\" d=\"M2600 0L0 0 0 130.1 2600 69.1z\"\/>\n<\/svg>\t\t<\/div>\n\t\t\t\t\t<div class=\"elementor-container elementor-column-gap-default\">\n\t\t\t\t\t<div class=\"elementor-column elementor-col-100 elementor-top-column elementor-element elementor-element-7b12973d\" data-id=\"7b12973d\" data-element_type=\"column\" data-e-type=\"column\">\n\t\t\t<div class=\"elementor-widget-wrap elementor-element-populated\">\n\t\t\t\t\t\t<div class=\"elementor-element elementor-element-235f10ff elementor-widget elementor-widget-heading\" data-id=\"235f10ff\" data-element_type=\"widget\" data-e-type=\"widget\" data-widget_type=\"heading.default\">\n\t\t\t\t<div class=\"elementor-widget-container\">\n\t\t\t\t\t<h1 class=\"elementor-heading-title elementor-size-default\">Sports Equipment<br>Rental<\/h1>\t\t\t\t<\/div>\n\t\t\t\t<\/div>\n\t\t\t\t\t<\/div>\n\t\t<\/div>\n\t\t\t\t\t<\/div>\n\t\t<\/section>\n\t\t\t\t<section class=\"elementor-section elementor-top-section elementor-element elementor-element-fcec041 elementor-section-boxed elementor-section-height-default elementor-section-height-default\" data-id=\"fcec041\" data-element_type=\"section\" data-e-type=\"section\">\n\t\t\t\t\t\t<div class=\"elementor-container elementor-column-gap-default\">\n\t\t\t\t\t<div class=\"elementor-column elementor-col-50 elementor-top-column elementor-element elementor-element-c6129e2\" data-id=\"c6129e2\" data-element_type=\"column\" data-e-type=\"column\">\n\t\t\t<div class=\"elementor-widget-wrap elementor-element-populated\">\n\t\t\t\t\t\t<div class=\"elementor-element elementor-element-f74aa5c elementor-widget elementor-widget-heading\" data-id=\"f74aa5c\" data-element_type=\"widget\" data-e-type=\"widget\" data-widget_type=\"heading.default\">\n\t\t\t\t<div class=\"elementor-widget-container\">\n\t\t\t\t\t<h2 class=\"elementor-heading-title elementor-size-default\">The winter season is over. The ski hire shop is currently closed. <\/h2>\t\t\t\t<\/div>\n\t\t\t\t<\/div>\n\t\t\t\t<div class=\"elementor-element elementor-element-7864f04 elementor-widget elementor-widget-text-editor\" data-id=\"7864f04\" data-element_type=\"widget\" data-e-type=\"widget\" data-widget_type=\"text-editor.default\">\n\t\t\t\t<div class=\"elementor-widget-container\">\n\t\t\t\t\t\t\t\t\t<p>Fancy trying a new sport? How about cross-country skiing this year? Cross-country skiing isn\u2019t just easy on the joints; it also helps to strengthen your leg and core muscles.   Kraft, Koordination und Balance werden dadurch auch gest\u00e4rkt. <\/p><p>In winter, we offer sports equipment hire so that you can get straight out on the cross-country trails, even if you don&#8217;t have your own equipment. <\/p>\t\t\t\t\t\t\t\t<\/div>\n\t\t\t\t<\/div>\n\t\t\t\t\t<\/div>\n\t\t<\/div>\n\t\t\t\t<div class=\"elementor-column elementor-col-50 elementor-top-column elementor-element elementor-element-c342e6f\" data-id=\"c342e6f\" data-element_type=\"column\" data-e-type=\"column\">\n\t\t\t<div class=\"elementor-widget-wrap elementor-element-populated\">\n\t\t\t\t\t\t<div class=\"elementor-element elementor-element-3ae259b elementor-view-default elementor-position-block-start elementor-mobile-position-block-start elementor-widget elementor-widget-icon-box\" data-id=\"3ae259b\" data-element_type=\"widget\" data-e-type=\"widget\" data-widget_type=\"icon-box.default\">\n\t\t\t\t<div class=\"elementor-widget-container\">\n\t\t\t\t\t\t\t<div class=\"elementor-icon-box-wrapper\">\n\n\t\t\t\t\t\t<div class=\"elementor-icon-box-icon\">\n\t\t\t\t<a href=\"https:\/\/villacheralpenarena.at\/saisonkartenverkauf\/\" class=\"elementor-icon\" tabindex=\"-1\" aria-label=\"Secure your&lt;br&gt;season ticket&lt;br&gt;now!\">\n\t\t\t\t<i aria-hidden=\"true\" class=\"fas fa-skiing-nordic\"><\/i>\t\t\t\t<\/a>\n\t\t\t<\/div>\n\t\t\t\n\t\t\t\t\t\t<div class=\"elementor-icon-box-content\">\n\n\t\t\t\t\t\t\t\t\t<h3 class=\"elementor-icon-box-title\">\n\t\t\t\t\t\t<a href=\"https:\/\/villacheralpenarena.at\/saisonkartenverkauf\/\" >\n\t\t\t\t\t\t\tSecure your<br>season ticket<br>now!\t\t\t\t\t\t<\/a>\n\t\t\t\t\t<\/h3>\n\t\t\t\t\n\t\t\t\t\n\t\t\t<\/div>\n\t\t\t\n\t\t<\/div>\n\t\t\t\t\t\t<\/div>\n\t\t\t\t<\/div>\n\t\t\t\t\t<\/div>\n\t\t<\/div>\n\t\t\t\t\t<\/div>\n\t\t<\/section>\n\t\t\t\t<section class=\"elementor-section elementor-top-section elementor-element elementor-element-28cbc63 elementor-section-full_width elementor-section-height-default elementor-section-height-default\" data-id=\"28cbc63\" data-element_type=\"section\" data-e-type=\"section\" data-settings=\"{&quot;background_background&quot;:&quot;classic&quot;}\">\n\t\t\t\t\t\t\t<div class=\"elementor-background-overlay\"><\/div>\n\t\t\t\t\t\t\t<div class=\"elementor-container elementor-column-gap-default\">\n\t\t\t\t\t<div class=\"elementor-column elementor-col-100 elementor-top-column elementor-element elementor-element-4dd4fdf0\" data-id=\"4dd4fdf0\" data-element_type=\"column\" data-e-type=\"column\">\n\t\t\t<div class=\"elementor-widget-wrap elementor-element-populated\">\n\t\t\t\t\t\t<div class=\"elementor-element elementor-element-67f8305c elementor-widget elementor-widget-heading\" data-id=\"67f8305c\" data-element_type=\"widget\" data-e-type=\"widget\" data-widget_type=\"heading.default\">\n\t\t\t\t<div class=\"elementor-widget-container\">\n\t\t\t\t\t<h2 class=\"elementor-heading-title elementor-size-default\">Price list<\/h2>\t\t\t\t<\/div>\n\t\t\t\t<\/div>\n\t\t\t\t<section class=\"elementor-section elementor-inner-section elementor-element elementor-element-765f5255 elementor-section-content-middle elementor-section-boxed elementor-section-height-default elementor-section-height-default\" data-id=\"765f5255\" data-element_type=\"section\" data-e-type=\"section\">\n\t\t\t\t\t\t<div class=\"elementor-container elementor-column-gap-default\">\n\t\t\t\t\t<div class=\"elementor-column elementor-col-100 elementor-inner-column elementor-element elementor-element-52354170\" data-id=\"52354170\" data-element_type=\"column\" data-e-type=\"column\">\n\t\t\t<div class=\"elementor-widget-wrap elementor-element-populated\">\n\t\t\t\t\t\t<div class=\"elementor-element elementor-element-7f9f3710 elementor-widget elementor-widget-price-list\" data-id=\"7f9f3710\" data-element_type=\"widget\" data-e-type=\"widget\" data-widget_type=\"price-list.default\">\n\t\t\t\t<div class=\"elementor-widget-container\">\n\t\t\t\t\t\n\t\t<ul class=\"elementor-price-list\">\n\n\t\t\t\t\t\t\t\t\t<li class=\"elementor-price-list-item\">\t\t\t\t\n\t\t\t\t<div class=\"elementor-price-list-text\">\n\t\t\t\t\t\t\t\t\t<div class=\"elementor-price-list-header\">\n\t\t\t\t\t\t\t\t\t\t\t<span class=\"elementor-price-list-title\">\n\t\t\t\t\t\t\tCross-country skiing set, shoe sizes 28 to 31\t\t\t\t\t\t<\/span>\n\t\t\t\t\t\t\t\t\t\t\t\t\t\t\t\t\t\t<span class=\"elementor-price-list-separator\"><\/span>\n\t\t\t\t\t\t\t\t\t\t\t\t\t\t\t\t\t\t\t<span class=\"elementor-price-list-price\">\u20ac 5,00<\/span>\n\t\t\t\t\t\t\t\t\t\t<\/div>\n\t\t\t\t\t\t\t\t\t\t\t\t\t\t\t<p class=\"elementor-price-list-description\">\n\t\t\t\t\t\t\tClassic or Skating\t\t\t\t\t\t<\/p>\n\t\t\t\t\t\t\t\t<\/div>\n\t\t\t\t<\/li>\t\t\t\t\t\t\t\t\t\t\t\t<li class=\"elementor-price-list-item\">\t\t\t\t\n\t\t\t\t<div class=\"elementor-price-list-text\">\n\t\t\t\t\t\t\t\t\t<div class=\"elementor-price-list-header\">\n\t\t\t\t\t\t\t\t\t\t\t<span class=\"elementor-price-list-title\">\n\t\t\t\t\t\t\tCross-country skiing set, shoe sizes 32 to 35\t\t\t\t\t\t<\/span>\n\t\t\t\t\t\t\t\t\t\t\t\t\t\t\t\t\t\t<span class=\"elementor-price-list-separator\"><\/span>\n\t\t\t\t\t\t\t\t\t\t\t\t\t\t\t\t\t\t\t<span class=\"elementor-price-list-price\">\u20ac 8,00<\/span>\n\t\t\t\t\t\t\t\t\t\t<\/div>\n\t\t\t\t\t\t\t\t\t\t\t\t\t\t\t<p class=\"elementor-price-list-description\">\n\t\t\t\t\t\t\tClassic or Skating\t\t\t\t\t\t<\/p>\n\t\t\t\t\t\t\t\t<\/div>\n\t\t\t\t<\/li>\t\t\t\t\t\t\t\t\t\t\t\t<li class=\"elementor-price-list-item\">\t\t\t\t\n\t\t\t\t<div class=\"elementor-price-list-text\">\n\t\t\t\t\t\t\t\t\t<div class=\"elementor-price-list-header\">\n\t\t\t\t\t\t\t\t\t\t\t<span class=\"elementor-price-list-title\">\n\t\t\t\t\t\t\tCross-country skiing set, shoe sizes 36 to 40\t\t\t\t\t\t<\/span>\n\t\t\t\t\t\t\t\t\t\t\t\t\t\t\t\t\t\t<span class=\"elementor-price-list-separator\"><\/span>\n\t\t\t\t\t\t\t\t\t\t\t\t\t\t\t\t\t\t\t<span class=\"elementor-price-list-price\">\u20ac 15,00<\/span>\n\t\t\t\t\t\t\t\t\t\t<\/div>\n\t\t\t\t\t\t\t\t\t\t\t\t\t\t\t<p class=\"elementor-price-list-description\">\n\t\t\t\t\t\t\tClassic or Skating\t\t\t\t\t\t<\/p>\n\t\t\t\t\t\t\t\t<\/div>\n\t\t\t\t<\/li>\t\t\t\t\t\t\t\t\t\t\t\t<li class=\"elementor-price-list-item\">\t\t\t\t\n\t\t\t\t<div class=\"elementor-price-list-text\">\n\t\t\t\t\t\t\t\t\t<div class=\"elementor-price-list-header\">\n\t\t\t\t\t\t\t\t\t\t\t<span class=\"elementor-price-list-title\">\n\t\t\t\t\t\t\tCross-country skiing set, shoe sizes 41 to 48\t\t\t\t\t\t<\/span>\n\t\t\t\t\t\t\t\t\t\t\t\t\t\t\t\t\t\t<span class=\"elementor-price-list-separator\"><\/span>\n\t\t\t\t\t\t\t\t\t\t\t\t\t\t\t\t\t\t\t<span class=\"elementor-price-list-price\">\u20ac 18,00<\/span>\n\t\t\t\t\t\t\t\t\t\t<\/div>\n\t\t\t\t\t\t\t\t\t\t\t\t\t\t\t<p class=\"elementor-price-list-description\">\n\t\t\t\t\t\t\tClassic or Skating\t\t\t\t\t\t<\/p>\n\t\t\t\t\t\t\t\t<\/div>\n\t\t\t\t<\/li>\t\t\t\t\t\n\t\t<\/ul>\n\n\t\t\t\t\t\t<\/div>\n\t\t\t\t<\/div>\n\t\t\t\t\t<\/div>\n\t\t<\/div>\n\t\t\t\t\t<\/div>\n\t\t<\/section>\n\t\t<div class=\"elementor-element elementor-element-e6a8d6c e-flex e-con-boxed e-con e-parent\" data-id=\"e6a8d6c\" data-element_type=\"container\" data-e-type=\"container\" data-settings=\"{&quot;background_background&quot;:&quot;classic&quot;}\">\n\t\t\t\t\t<div class=\"e-con-inner\">\n\t\t<div class=\"elementor-element elementor-element-efe4750 e-con-full e-flex e-con e-child\" data-id=\"efe4750\" data-element_type=\"container\" data-e-type=\"container\">\n\t\t\t\t<div class=\"elementor-element elementor-element-3ba1ecc elementor-widget elementor-widget-text-editor\" data-id=\"3ba1ecc\" data-element_type=\"widget\" data-e-type=\"widget\" data-widget_type=\"text-editor.default\">\n\t\t\t\t<div class=\"elementor-widget-container\">\n\t\t\t\t\t\t\t\t\t<p><strong>Rental at the Arena Caf\u00e9<\/strong><\/p><p>Monday to Friday 9 a.m. to 6 p.m.*<br>Saturday and Sunday 9 a.m. to 3 p.m.<\/p><p>*last rental opportunity &#8211; open until 7:30 p.m.<\/p>\t\t\t\t\t\t\t\t<\/div>\n\t\t\t\t<\/div>\n\t\t\t\t<\/div>\n\t\t<div class=\"elementor-element elementor-element-ca166b6 e-con-full e-flex e-con e-child\" data-id=\"ca166b6\" data-element_type=\"container\" data-e-type=\"container\">\n\t\t\t\t<div class=\"elementor-element elementor-element-6daa8a8 elementor-widget elementor-widget-text-editor\" data-id=\"6daa8a8\" data-element_type=\"widget\" data-e-type=\"widget\" data-widget_type=\"text-editor.default\">\n\t\t\t\t<div class=\"elementor-widget-container\">\n\t\t\t\t\t\t\t\t\t<p>Fee per day! Only available as a set. Skis, poles and boots cannot be hired individually. Fees do not include a trainer.<br>Special prices for schools and clubs with 10 or more people available on request.   <\/p><p>The rental fee must be paid in cash on site!&nbsp;<\/p>\t\t\t\t\t\t\t\t<\/div>\n\t\t\t\t<\/div>\n\t\t\t\t<\/div>\n\t\t\t\t\t<\/div>\n\t\t\t\t<\/div>\n\t\t\t\t\t<\/div>\n\t\t<\/div>\n\t\t\t\t\t<\/div>\n\t\t<\/section>\n\t\t\t\t<\/div>\n\t\t","protected":false},"excerpt":{"rendered":"<p>Sports EquipmentRental The winter season is over. The ski hire shop is currently closed. Fancy trying a new sport? How about cross-country skiing this year? Cross-country skiing isn\u2019t just easy on the joints; it also helps to strengthen your leg and core muscles. Kraft, Koordination und Balance werden dadurch auch gest\u00e4rkt. In winter, we offer [&hellip;]<\/p>\n","protected":false},"author":228540146,"featured_media":0,"parent":6427,"menu_order":0,"comment_status":"closed","ping_status":"closed","template":"","meta":{"_acf_changed":false,"iawp_total_views":59,"footnotes":""},"class_list":["post-6431","page","type-page","status-publish","hentry","entry"],"acf":[],"yoast_head":"<!-- This site is optimized with the Yoast SEO plugin v27.5 - https:\/\/yoast.com\/product\/yoast-seo-wordpress\/ -->\n<title>Sports Equipment Rental - Villacher Alpen Arena<\/title>\n<meta name=\"description\" content=\"You can rent all the cross-country skiing equipment you need from our in-house sports equipment rental service and get started right away!\" \/>\n<meta name=\"robots\" content=\"index, follow, max-snippet:-1, max-image-preview:large, max-video-preview:-1\" \/>\n<link rel=\"canonical\" href=\"https:\/\/villacheralpenarena.at\/en\/informations\/sports-equipment-rental\/\" \/>\n<meta property=\"og:locale\" content=\"en_US\" \/>\n<meta property=\"og:type\" content=\"article\" \/>\n<meta property=\"og:title\" content=\"Sports Equipment Rental - Villacher Alpen Arena\" \/>\n<meta property=\"og:description\" content=\"You can rent all the cross-country skiing equipment you need from our in-house sports equipment rental service and get started right away!\" \/>\n<meta property=\"og:url\" content=\"https:\/\/villacheralpenarena.at\/en\/informations\/sports-equipment-rental\/\" \/>\n<meta property=\"og:site_name\" content=\"Villacher Alpen Arena\" \/>\n<meta property=\"article:modified_time\" content=\"2026-03-26T10:22:35+00:00\" \/>\n<meta name=\"twitter:card\" content=\"summary_large_image\" \/>\n<meta name=\"twitter:label1\" content=\"Est. reading time\" \/>\n\t<meta name=\"twitter:data1\" content=\"1 minute\" \/>\n<script type=\"application\/ld+json\" class=\"yoast-schema-graph\">{\"@context\":\"https:\\\/\\\/schema.org\",\"@graph\":[{\"@type\":\"WebPage\",\"@id\":\"https:\\\/\\\/villacheralpenarena.at\\\/en\\\/informations\\\/sports-equipment-rental\\\/\",\"url\":\"https:\\\/\\\/villacheralpenarena.at\\\/en\\\/informations\\\/sports-equipment-rental\\\/\",\"name\":\"Sports Equipment Rental - Villacher Alpen Arena\",\"isPartOf\":{\"@id\":\"https:\\\/\\\/villacheralpenarena.at\\\/en\\\/#website\"},\"datePublished\":\"2023-01-19T13:13:07+00:00\",\"dateModified\":\"2026-03-26T10:22:35+00:00\",\"description\":\"You can rent all the cross-country skiing equipment you need from our in-house sports equipment rental service and get started right away!\",\"breadcrumb\":{\"@id\":\"https:\\\/\\\/villacheralpenarena.at\\\/en\\\/informations\\\/sports-equipment-rental\\\/#breadcrumb\"},\"inLanguage\":\"en-US\",\"potentialAction\":[{\"@type\":\"ReadAction\",\"target\":[\"https:\\\/\\\/villacheralpenarena.at\\\/en\\\/informations\\\/sports-equipment-rental\\\/\"]}]},{\"@type\":\"BreadcrumbList\",\"@id\":\"https:\\\/\\\/villacheralpenarena.at\\\/en\\\/informations\\\/sports-equipment-rental\\\/#breadcrumb\",\"itemListElement\":[{\"@type\":\"ListItem\",\"position\":1,\"name\":\"Startseite\",\"item\":\"https:\\\/\\\/villacheralpenarena.at\\\/en\\\/homepage\\\/\"},{\"@type\":\"ListItem\",\"position\":2,\"name\":\"Informations\",\"item\":\"https:\\\/\\\/villacheralpenarena.at\\\/en\\\/informationen\\\/\"},{\"@type\":\"ListItem\",\"position\":3,\"name\":\"Sports Equipment Rental\"}]},{\"@type\":\"WebSite\",\"@id\":\"https:\\\/\\\/villacheralpenarena.at\\\/en\\\/#website\",\"url\":\"https:\\\/\\\/villacheralpenarena.at\\\/en\\\/\",\"name\":\"Villacher Alpen Arena\",\"description\":\"VILLACHER ALPEN ARENA STEHT F\u00c3\u0153R #GRENZENLOSES SPORTVERGN\u00c3\u0153GEN!\",\"publisher\":{\"@id\":\"https:\\\/\\\/villacheralpenarena.at\\\/en\\\/#organization\"},\"potentialAction\":[{\"@type\":\"SearchAction\",\"target\":{\"@type\":\"EntryPoint\",\"urlTemplate\":\"https:\\\/\\\/villacheralpenarena.at\\\/en\\\/?s={search_term_string}\"},\"query-input\":{\"@type\":\"PropertyValueSpecification\",\"valueRequired\":true,\"valueName\":\"search_term_string\"}}],\"inLanguage\":\"en-US\"},{\"@type\":\"Organization\",\"@id\":\"https:\\\/\\\/villacheralpenarena.at\\\/en\\\/#organization\",\"name\":\"Villacher Alpen Arena\",\"url\":\"https:\\\/\\\/villacheralpenarena.at\\\/en\\\/\",\"logo\":{\"@type\":\"ImageObject\",\"inLanguage\":\"en-US\",\"@id\":\"https:\\\/\\\/villacheralpenarena.at\\\/en\\\/#\\\/schema\\\/logo\\\/image\\\/\",\"url\":\"https:\\\/\\\/villacheralpenarena.at\\\/wp-content\\\/uploads\\\/2025\\\/11\\\/logo_alpen_arena-scaled.png\",\"contentUrl\":\"https:\\\/\\\/villacheralpenarena.at\\\/wp-content\\\/uploads\\\/2025\\\/11\\\/logo_alpen_arena-scaled.png\",\"width\":2048,\"height\":745,\"caption\":\"Villacher Alpen Arena\"},\"image\":{\"@id\":\"https:\\\/\\\/villacheralpenarena.at\\\/en\\\/#\\\/schema\\\/logo\\\/image\\\/\"}}]}<\/script>\n<!-- \/ Yoast SEO plugin. -->","yoast_head_json":{"title":"Sports Equipment Rental - Villacher Alpen Arena","description":"You can rent all the cross-country skiing equipment you need from our in-house sports equipment rental service and get started right away!","robots":{"index":"index","follow":"follow","max-snippet":"max-snippet:-1","max-image-preview":"max-image-preview:large","max-video-preview":"max-video-preview:-1"},"canonical":"https:\/\/villacheralpenarena.at\/en\/informations\/sports-equipment-rental\/","og_locale":"en_US","og_type":"article","og_title":"Sports Equipment Rental - Villacher Alpen Arena","og_description":"You can rent all the cross-country skiing equipment you need from our in-house sports equipment rental service and get started right away!","og_url":"https:\/\/villacheralpenarena.at\/en\/informations\/sports-equipment-rental\/","og_site_name":"Villacher Alpen Arena","article_modified_time":"2026-03-26T10:22:35+00:00","twitter_card":"summary_large_image","twitter_misc":{"Est. reading time":"1 minute"},"schema":{"@context":"https:\/\/schema.org","@graph":[{"@type":"WebPage","@id":"https:\/\/villacheralpenarena.at\/en\/informations\/sports-equipment-rental\/","url":"https:\/\/villacheralpenarena.at\/en\/informations\/sports-equipment-rental\/","name":"Sports Equipment Rental - Villacher Alpen Arena","isPartOf":{"@id":"https:\/\/villacheralpenarena.at\/en\/#website"},"datePublished":"2023-01-19T13:13:07+00:00","dateModified":"2026-03-26T10:22:35+00:00","description":"You can rent all the cross-country skiing equipment you need from our in-house sports equipment rental service and get started right away!","breadcrumb":{"@id":"https:\/\/villacheralpenarena.at\/en\/informations\/sports-equipment-rental\/#breadcrumb"},"inLanguage":"en-US","potentialAction":[{"@type":"ReadAction","target":["https:\/\/villacheralpenarena.at\/en\/informations\/sports-equipment-rental\/"]}]},{"@type":"BreadcrumbList","@id":"https:\/\/villacheralpenarena.at\/en\/informations\/sports-equipment-rental\/#breadcrumb","itemListElement":[{"@type":"ListItem","position":1,"name":"Startseite","item":"https:\/\/villacheralpenarena.at\/en\/homepage\/"},{"@type":"ListItem","position":2,"name":"Informations","item":"https:\/\/villacheralpenarena.at\/en\/informationen\/"},{"@type":"ListItem","position":3,"name":"Sports Equipment Rental"}]},{"@type":"WebSite","@id":"https:\/\/villacheralpenarena.at\/en\/#website","url":"https:\/\/villacheralpenarena.at\/en\/","name":"Villacher Alpen Arena","description":"VILLACHER ALPEN ARENA STEHT F\u00c3\u0153R #GRENZENLOSES SPORTVERGN\u00c3\u0153GEN!","publisher":{"@id":"https:\/\/villacheralpenarena.at\/en\/#organization"},"potentialAction":[{"@type":"SearchAction","target":{"@type":"EntryPoint","urlTemplate":"https:\/\/villacheralpenarena.at\/en\/?s={search_term_string}"},"query-input":{"@type":"PropertyValueSpecification","valueRequired":true,"valueName":"search_term_string"}}],"inLanguage":"en-US"},{"@type":"Organization","@id":"https:\/\/villacheralpenarena.at\/en\/#organization","name":"Villacher Alpen Arena","url":"https:\/\/villacheralpenarena.at\/en\/","logo":{"@type":"ImageObject","inLanguage":"en-US","@id":"https:\/\/villacheralpenarena.at\/en\/#\/schema\/logo\/image\/","url":"https:\/\/villacheralpenarena.at\/wp-content\/uploads\/2025\/11\/logo_alpen_arena-scaled.png","contentUrl":"https:\/\/villacheralpenarena.at\/wp-content\/uploads\/2025\/11\/logo_alpen_arena-scaled.png","width":2048,"height":745,"caption":"Villacher Alpen Arena"},"image":{"@id":"https:\/\/villacheralpenarena.at\/en\/#\/schema\/logo\/image\/"}}]}},"publishpress_future_action":{"enabled":false,"date":"2026-05-17 21:21:37","action":"change-status","newStatus":"draft","terms":[],"taxonomy":"translation_priority","extraData":[]},"publishpress_future_workflow_manual_trigger":{"enabledWorkflows":[]},"_links":{"self":[{"href":"https:\/\/villacheralpenarena.at\/en\/wp-json\/wp\/v2\/pages\/6431","targetHints":{"allow":["GET"]}}],"collection":[{"href":"https:\/\/villacheralpenarena.at\/en\/wp-json\/wp\/v2\/pages"}],"about":[{"href":"https:\/\/villacheralpenarena.at\/en\/wp-json\/wp\/v2\/types\/page"}],"author":[{"embeddable":true,"href":"https:\/\/villacheralpenarena.at\/en\/wp-json\/wp\/v2\/users\/228540146"}],"replies":[{"embeddable":true,"href":"https:\/\/villacheralpenarena.at\/en\/wp-json\/wp\/v2\/comments?post=6431"}],"version-history":[{"count":2,"href":"https:\/\/villacheralpenarena.at\/en\/wp-json\/wp\/v2\/pages\/6431\/revisions"}],"predecessor-version":[{"id":6858,"href":"https:\/\/villacheralpenarena.at\/en\/wp-json\/wp\/v2\/pages\/6431\/revisions\/6858"}],"up":[{"embeddable":true,"href":"https:\/\/villacheralpenarena.at\/en\/wp-json\/wp\/v2\/pages\/6427"}],"wp:attachment":[{"href":"https:\/\/villacheralpenarena.at\/en\/wp-json\/wp\/v2\/media?parent=6431"}],"curies":[{"name":"wp","href":"https:\/\/api.w.org\/{rel}","templated":true}]}}