{"id":6389,"date":"2022-11-28T14:49:32","date_gmt":"2022-11-28T13:49:32","guid":{"rendered":"https:\/\/villacheralpenarena.at\/sports-facilities\/"},"modified":"2026-03-26T10:55:44","modified_gmt":"2026-03-26T09:55:44","slug":"sports-facilities","status":"publish","type":"page","link":"https:\/\/villacheralpenarena.at\/en\/sports-facilities\/","title":{"rendered":"Sports Facilities"},"content":{"rendered":"\t\t<div data-elementor-type=\"wp-page\" data-elementor-id=\"6389\" class=\"elementor elementor-6389 elementor-29\" data-elementor-post-type=\"page\">\n\t\t\t\t\t\t<section class=\"elementor-section elementor-top-section elementor-element elementor-element-140f6d9c elementor-section-full_width elementor-section-height-min-height elementor-section-height-default elementor-section-items-middle\" data-id=\"140f6d9c\" data-element_type=\"section\" data-e-type=\"section\" data-settings=\"{&quot;background_background&quot;:&quot;slideshow&quot;,&quot;background_slideshow_gallery&quot;:[{&quot;id&quot;:5801,&quot;url&quot;:&quot;https:\\\/\\\/villacheralpenarena.at\\\/wp-content\\\/uploads\\\/2025\\\/08\\\/DJI_20250731094449_0091_D.jpg&quot;},{&quot;id&quot;:6507,&quot;url&quot;:&quot;https:\\\/\\\/villacheralpenarena.at\\\/wp-content\\\/uploads\\\/2025\\\/07\\\/Villacher-Alpen-Arena-Skiroller-Rennen-4-scaled.jpg&quot;},{&quot;id&quot;:6808,&quot;url&quot;:&quot;https:\\\/\\\/villacheralpenarena.at\\\/wp-content\\\/uploads\\\/2026\\\/03\\\/Villacher-Alpen-Arena-Klettern-Sommer-14-scaled.jpg&quot;},{&quot;id&quot;:6473,&quot;url&quot;:&quot;https:\\\/\\\/villacheralpenarena.at\\\/wp-content\\\/uploads\\\/2025\\\/08\\\/Villacher-Alpen-Arena-Radrennen-13-scaled.jpg&quot;}],&quot;background_slideshow_slide_duration&quot;:10000,&quot;background_slideshow_ken_burns&quot;:&quot;yes&quot;,&quot;background_slideshow_ken_burns_zoom_direction&quot;:&quot;out&quot;,&quot;shape_divider_bottom&quot;:&quot;opacity-tilt&quot;,&quot;background_slideshow_loop&quot;:&quot;yes&quot;,&quot;background_slideshow_slide_transition&quot;:&quot;fade&quot;,&quot;background_slideshow_transition_duration&quot;:500}\">\n\t\t\t\t\t\t\t<div class=\"elementor-background-overlay\"><\/div>\n\t\t\t\t\t\t<div class=\"elementor-shape elementor-shape-bottom\" aria-hidden=\"true\" data-negative=\"false\">\n\t\t\t<svg xmlns=\"http:\/\/www.w3.org\/2000\/svg\" viewBox=\"0 0 2600 131.1\" preserveAspectRatio=\"none\">\n\t<path class=\"elementor-shape-fill\" d=\"M0 0L2600 0 2600 69.1 0 0z\"\/>\n\t<path class=\"elementor-shape-fill\" style=\"opacity:0.5\" d=\"M0 0L2600 0 2600 69.1 0 69.1z\"\/>\n\t<path class=\"elementor-shape-fill\" style=\"opacity:0.25\" d=\"M2600 0L0 0 0 130.1 2600 69.1z\"\/>\n<\/svg>\t\t<\/div>\n\t\t\t\t\t<div class=\"elementor-container elementor-column-gap-default\">\n\t\t\t\t\t<div class=\"elementor-column elementor-col-100 elementor-top-column elementor-element elementor-element-5f842e33\" data-id=\"5f842e33\" data-element_type=\"column\" data-e-type=\"column\">\n\t\t\t<div class=\"elementor-widget-wrap elementor-element-populated\">\n\t\t\t\t\t\t<div class=\"elementor-element elementor-element-37fa71a5 elementor-widget elementor-widget-heading\" data-id=\"37fa71a5\" data-element_type=\"widget\" data-e-type=\"widget\" data-widget_type=\"heading.default\">\n\t\t\t\t<div class=\"elementor-widget-container\">\n\t\t\t\t\t<h1 class=\"elementor-heading-title elementor-size-default\">SPORTS FACILITIES<\/h1>\t\t\t\t<\/div>\n\t\t\t\t<\/div>\n\t\t\t\t\t<\/div>\n\t\t<\/div>\n\t\t\t\t\t<\/div>\n\t\t<\/section>\n\t\t\t\t<section class=\"elementor-section elementor-top-section elementor-element elementor-element-c5a4479 elementor-section-full_width elementor-section-height-default elementor-section-height-default\" data-id=\"c5a4479\" data-element_type=\"section\" data-e-type=\"section\">\n\t\t\t\t\t\t<div class=\"elementor-container elementor-column-gap-default\">\n\t\t\t\t\t<div class=\"elementor-column elementor-col-50 elementor-top-column elementor-element elementor-element-72cb833e\" data-id=\"72cb833e\" data-element_type=\"column\" data-e-type=\"column\" data-settings=\"{&quot;background_background&quot;:&quot;classic&quot;}\">\n\t\t\t<div class=\"elementor-widget-wrap elementor-element-populated\">\n\t\t\t\t\t\t<div class=\"elementor-element elementor-element-75477bb elementor-widget elementor-widget-heading\" data-id=\"75477bb\" data-element_type=\"widget\" data-e-type=\"widget\" data-widget_type=\"heading.default\">\n\t\t\t\t<div class=\"elementor-widget-container\">\n\t\t\t\t\t<h2 class=\"elementor-heading-title elementor-size-large\">Ski Jumping Facility<\/h2>\t\t\t\t<\/div>\n\t\t\t\t<\/div>\n\t\t\t\t<div class=\"elementor-element elementor-element-2d1992a3 elementor-widget elementor-widget-text-editor\" data-id=\"2d1992a3\" data-element_type=\"widget\" data-e-type=\"widget\" data-widget_type=\"text-editor.default\">\n\t\t\t\t<div class=\"elementor-widget-container\">\n\t\t\t\t\t\t\t\t\t<p>All five ski jumps are designed for year-round operation. In summer, the ceramic tracks and, in winter, the ice tracks and snow-making equipment ensure perfect training and competition conditions.<\/p>\t\t\t\t\t\t\t\t<\/div>\n\t\t\t\t<\/div>\n\t\t\t\t<div class=\"elementor-element elementor-element-1cdac33c elementor-align-right elementor-mobile-align-center elementor-widget elementor-widget-button\" data-id=\"1cdac33c\" data-element_type=\"widget\" data-e-type=\"widget\" data-widget_type=\"button.default\">\n\t\t\t\t<div class=\"elementor-widget-container\">\n\t\t\t\t\t\t\t\t\t<div class=\"elementor-button-wrapper\">\n\t\t\t\t\t<a class=\"elementor-button elementor-button-link elementor-size-md\" href=\"https:\/\/villacheralpenarena.at\/en\/sports-facilities\/ski-jumping-arena\/\">\n\t\t\t\t\t\t<span class=\"elementor-button-content-wrapper\">\n\t\t\t\t\t\t\t\t\t<span class=\"elementor-button-text\">Find out more!<\/span>\n\t\t\t\t\t<\/span>\n\t\t\t\t\t<\/a>\n\t\t\t\t<\/div>\n\t\t\t\t\t\t\t\t<\/div>\n\t\t\t\t<\/div>\n\t\t\t\t\t<\/div>\n\t\t<\/div>\n\t\t\t\t<div class=\"elementor-column elementor-col-50 elementor-top-column elementor-element elementor-element-6734e630\" data-id=\"6734e630\" data-element_type=\"column\" data-e-type=\"column\" data-settings=\"{&quot;background_background&quot;:&quot;classic&quot;}\">\n\t\t\t<div class=\"elementor-widget-wrap elementor-element-populated\">\n\t\t\t\t\t\t<div class=\"elementor-element elementor-element-193606c elementor-widget elementor-widget-spacer\" data-id=\"193606c\" data-element_type=\"widget\" data-e-type=\"widget\" data-widget_type=\"spacer.default\">\n\t\t\t\t<div class=\"elementor-widget-container\">\n\t\t\t\t\t\t\t<div class=\"elementor-spacer\">\n\t\t\t<div class=\"elementor-spacer-inner\"><\/div>\n\t\t<\/div>\n\t\t\t\t\t\t<\/div>\n\t\t\t\t<\/div>\n\t\t\t\t\t<\/div>\n\t\t<\/div>\n\t\t\t\t\t<\/div>\n\t\t<\/section>\n\t\t\t\t<section class=\"elementor-section elementor-top-section elementor-element elementor-element-5d1d2bd8 elementor-section-full_width elementor-reverse-mobile elementor-section-height-default elementor-section-height-default\" data-id=\"5d1d2bd8\" data-element_type=\"section\" data-e-type=\"section\">\n\t\t\t\t\t\t<div class=\"elementor-container elementor-column-gap-default\">\n\t\t\t\t\t<div class=\"elementor-column elementor-col-50 elementor-top-column elementor-element elementor-element-5332b3ea\" data-id=\"5332b3ea\" data-element_type=\"column\" data-e-type=\"column\" data-settings=\"{&quot;background_background&quot;:&quot;classic&quot;}\">\n\t\t\t<div class=\"elementor-widget-wrap elementor-element-populated\">\n\t\t\t\t\t\t<div class=\"elementor-element elementor-element-1d622c05 elementor-widget elementor-widget-spacer\" data-id=\"1d622c05\" data-element_type=\"widget\" data-e-type=\"widget\" data-widget_type=\"spacer.default\">\n\t\t\t\t<div class=\"elementor-widget-container\">\n\t\t\t\t\t\t\t<div class=\"elementor-spacer\">\n\t\t\t<div class=\"elementor-spacer-inner\"><\/div>\n\t\t<\/div>\n\t\t\t\t\t\t<\/div>\n\t\t\t\t<\/div>\n\t\t\t\t\t<\/div>\n\t\t<\/div>\n\t\t\t\t<div class=\"elementor-column elementor-col-50 elementor-top-column elementor-element elementor-element-6f3bffa7\" data-id=\"6f3bffa7\" data-element_type=\"column\" data-e-type=\"column\" data-settings=\"{&quot;background_background&quot;:&quot;classic&quot;}\">\n\t\t\t<div class=\"elementor-widget-wrap elementor-element-populated\">\n\t\t\t\t\t\t<div class=\"elementor-element elementor-element-22ebccf6 elementor-widget elementor-widget-heading\" data-id=\"22ebccf6\" data-element_type=\"widget\" data-e-type=\"widget\" data-widget_type=\"heading.default\">\n\t\t\t\t<div class=\"elementor-widget-container\">\n\t\t\t\t\t<h2 class=\"elementor-heading-title elementor-size-large\">Multi-Purpose Arena<\/h2>\t\t\t\t<\/div>\n\t\t\t\t<\/div>\n\t\t\t\t<div class=\"elementor-element elementor-element-1278bc4e elementor-widget elementor-widget-text-editor\" data-id=\"1278bc4e\" data-element_type=\"widget\" data-e-type=\"widget\" data-widget_type=\"text-editor.default\">\n\t\t\t\t<div class=\"elementor-widget-container\">\n\t\t\t\t\t\t\t\t\t<p>It is available for use next to the multi-purpose playing field for ball and inline hockey, the climbing garden, the toboggan hill and the natural toboggan run in winter, and the fire brigade competition track during the specified operating hours.<\/p>\t\t\t\t\t\t\t\t<\/div>\n\t\t\t\t<\/div>\n\t\t\t\t<div class=\"elementor-element elementor-element-fe75722 elementor-align-left elementor-mobile-align-center elementor-widget elementor-widget-button\" data-id=\"fe75722\" data-element_type=\"widget\" data-e-type=\"widget\" data-widget_type=\"button.default\">\n\t\t\t\t<div class=\"elementor-widget-container\">\n\t\t\t\t\t\t\t\t\t<div class=\"elementor-button-wrapper\">\n\t\t\t\t\t<a class=\"elementor-button elementor-button-link elementor-size-md\" href=\"https:\/\/villacheralpenarena.at\/en\/sports-facilities\/multi-purpose-arena\/\">\n\t\t\t\t\t\t<span class=\"elementor-button-content-wrapper\">\n\t\t\t\t\t\t\t\t\t<span class=\"elementor-button-text\">Find out more!<\/span>\n\t\t\t\t\t<\/span>\n\t\t\t\t\t<\/a>\n\t\t\t\t<\/div>\n\t\t\t\t\t\t\t\t<\/div>\n\t\t\t\t<\/div>\n\t\t\t\t\t<\/div>\n\t\t<\/div>\n\t\t\t\t\t<\/div>\n\t\t<\/section>\n\t\t\t\t<section class=\"elementor-section elementor-top-section elementor-element elementor-element-54929142 elementor-section-full_width elementor-section-height-default elementor-section-height-default\" data-id=\"54929142\" data-element_type=\"section\" data-e-type=\"section\">\n\t\t\t\t\t\t<div class=\"elementor-container elementor-column-gap-default\">\n\t\t\t\t\t<div class=\"elementor-column elementor-col-50 elementor-top-column elementor-element elementor-element-54c0fc70\" data-id=\"54c0fc70\" data-element_type=\"column\" data-e-type=\"column\" data-settings=\"{&quot;background_background&quot;:&quot;classic&quot;}\">\n\t\t\t<div class=\"elementor-widget-wrap elementor-element-populated\">\n\t\t\t\t\t\t<div class=\"elementor-element elementor-element-1dc4e1cf elementor-widget elementor-widget-heading\" data-id=\"1dc4e1cf\" data-element_type=\"widget\" data-e-type=\"widget\" data-widget_type=\"heading.default\">\n\t\t\t\t<div class=\"elementor-widget-container\">\n\t\t\t\t\t<h2 class=\"elementor-heading-title elementor-size-large\">Roller ski &amp; cross-country skiing trail<\/h2>\t\t\t\t<\/div>\n\t\t\t\t<\/div>\n\t\t\t\t<div class=\"elementor-element elementor-element-28e48112 elementor-widget elementor-widget-text-editor\" data-id=\"28e48112\" data-element_type=\"widget\" data-e-type=\"widget\" data-widget_type=\"text-editor.default\">\n\t\t\t\t<div class=\"elementor-widget-container\">\n\t\t\t\t\t\t\t\t\t<p>The roller ski and cross-country skiing trails offer the opportunity to practise Nordic sports in summer and winter (snowmaking). The selective asphalt track can also be used for many other sports. <\/p>\t\t\t\t\t\t\t\t<\/div>\n\t\t\t\t<\/div>\n\t\t\t\t<div class=\"elementor-element elementor-element-58e939 elementor-align-right elementor-mobile-align-center elementor-widget elementor-widget-button\" data-id=\"58e939\" data-element_type=\"widget\" data-e-type=\"widget\" data-widget_type=\"button.default\">\n\t\t\t\t<div class=\"elementor-widget-container\">\n\t\t\t\t\t\t\t\t\t<div class=\"elementor-button-wrapper\">\n\t\t\t\t\t<a class=\"elementor-button elementor-button-link elementor-size-md\" href=\"https:\/\/villacheralpenarena.at\/en\/sports-facilities\/roller-ski-and-cross-country-skiing-trail\/\">\n\t\t\t\t\t\t<span class=\"elementor-button-content-wrapper\">\n\t\t\t\t\t\t\t\t\t<span class=\"elementor-button-text\">Find out more!<\/span>\n\t\t\t\t\t<\/span>\n\t\t\t\t\t<\/a>\n\t\t\t\t<\/div>\n\t\t\t\t\t\t\t\t<\/div>\n\t\t\t\t<\/div>\n\t\t\t\t\t<\/div>\n\t\t<\/div>\n\t\t\t\t<div class=\"elementor-column elementor-col-50 elementor-top-column elementor-element elementor-element-8957e78\" data-id=\"8957e78\" data-element_type=\"column\" data-e-type=\"column\" data-settings=\"{&quot;background_background&quot;:&quot;classic&quot;}\">\n\t\t\t<div class=\"elementor-widget-wrap elementor-element-populated\">\n\t\t\t\t\t\t<div class=\"elementor-element elementor-element-e91acfa elementor-widget elementor-widget-spacer\" data-id=\"e91acfa\" data-element_type=\"widget\" data-e-type=\"widget\" data-widget_type=\"spacer.default\">\n\t\t\t\t<div class=\"elementor-widget-container\">\n\t\t\t\t\t\t\t<div class=\"elementor-spacer\">\n\t\t\t<div class=\"elementor-spacer-inner\"><\/div>\n\t\t<\/div>\n\t\t\t\t\t\t<\/div>\n\t\t\t\t<\/div>\n\t\t\t\t\t<\/div>\n\t\t<\/div>\n\t\t\t\t\t<\/div>\n\t\t<\/section>\n\t\t\t\t<\/div>\n\t\t","protected":false},"excerpt":{"rendered":"<p>SPORTS FACILITIES Ski Jumping Facility All five ski jumps are designed for year-round operation. In summer, the ceramic tracks and, in winter, the ice tracks and snow-making equipment ensure perfect training and competition conditions. Find out more! Multi-Purpose Arena It is available for use next to the multi-purpose playing field for ball and inline hockey, [&hellip;]<\/p>\n","protected":false},"author":228540146,"featured_media":0,"parent":0,"menu_order":0,"comment_status":"closed","ping_status":"closed","template":"","meta":{"_acf_changed":false,"iawp_total_views":27,"footnotes":""},"class_list":["post-6389","page","type-page","status-publish","hentry","entry"],"acf":[],"yoast_head":"<!-- This site is optimized with the Yoast SEO plugin v27.5 - https:\/\/yoast.com\/product\/yoast-seo-wordpress\/ -->\n<title>Sports Facilities - Villacher Alpen Arena<\/title>\n<meta name=\"description\" content=\"The Villach Alpine Arena offers a wide range of sporting activities in both winter and summer \u2013 there is something for everyone here!\" \/>\n<meta name=\"robots\" content=\"index, follow, max-snippet:-1, max-image-preview:large, max-video-preview:-1\" \/>\n<link rel=\"canonical\" href=\"https:\/\/villacheralpenarena.at\/en\/sports-facilities\/\" \/>\n<meta property=\"og:locale\" content=\"en_US\" \/>\n<meta property=\"og:type\" content=\"article\" \/>\n<meta property=\"og:title\" content=\"Sports Facilities - Villacher Alpen Arena\" \/>\n<meta property=\"og:description\" content=\"The Villach Alpine Arena offers a wide range of sporting activities in both winter and summer \u2013 there is something for everyone here!\" \/>\n<meta property=\"og:url\" content=\"https:\/\/villacheralpenarena.at\/en\/sports-facilities\/\" \/>\n<meta property=\"og:site_name\" content=\"Villacher Alpen Arena\" \/>\n<meta property=\"article:modified_time\" content=\"2026-03-26T09:55:44+00:00\" \/>\n<meta name=\"twitter:card\" content=\"summary_large_image\" \/>\n<meta name=\"twitter:label1\" content=\"Est. reading time\" \/>\n\t<meta name=\"twitter:data1\" content=\"1 minute\" \/>\n<script type=\"application\/ld+json\" class=\"yoast-schema-graph\">{\"@context\":\"https:\\\/\\\/schema.org\",\"@graph\":[{\"@type\":\"WebPage\",\"@id\":\"https:\\\/\\\/villacheralpenarena.at\\\/en\\\/sports-facilities\\\/\",\"url\":\"https:\\\/\\\/villacheralpenarena.at\\\/en\\\/sports-facilities\\\/\",\"name\":\"Sports Facilities - Villacher Alpen Arena\",\"isPartOf\":{\"@id\":\"https:\\\/\\\/villacheralpenarena.at\\\/en\\\/#website\"},\"datePublished\":\"2022-11-28T13:49:32+00:00\",\"dateModified\":\"2026-03-26T09:55:44+00:00\",\"description\":\"The Villach Alpine Arena offers a wide range of sporting activities in both winter and summer \u2013 there is something for everyone here!\",\"breadcrumb\":{\"@id\":\"https:\\\/\\\/villacheralpenarena.at\\\/en\\\/sports-facilities\\\/#breadcrumb\"},\"inLanguage\":\"en-US\",\"potentialAction\":[{\"@type\":\"ReadAction\",\"target\":[\"https:\\\/\\\/villacheralpenarena.at\\\/en\\\/sports-facilities\\\/\"]}]},{\"@type\":\"BreadcrumbList\",\"@id\":\"https:\\\/\\\/villacheralpenarena.at\\\/en\\\/sports-facilities\\\/#breadcrumb\",\"itemListElement\":[{\"@type\":\"ListItem\",\"position\":1,\"name\":\"Startseite\",\"item\":\"https:\\\/\\\/villacheralpenarena.at\\\/en\\\/homepage\\\/\"},{\"@type\":\"ListItem\",\"position\":2,\"name\":\"Sports Facilities\"}]},{\"@type\":\"WebSite\",\"@id\":\"https:\\\/\\\/villacheralpenarena.at\\\/en\\\/#website\",\"url\":\"https:\\\/\\\/villacheralpenarena.at\\\/en\\\/\",\"name\":\"Villacher Alpen Arena\",\"description\":\"VILLACHER ALPEN ARENA STEHT F\u00c3\u0153R #GRENZENLOSES SPORTVERGN\u00c3\u0153GEN!\",\"publisher\":{\"@id\":\"https:\\\/\\\/villacheralpenarena.at\\\/en\\\/#organization\"},\"potentialAction\":[{\"@type\":\"SearchAction\",\"target\":{\"@type\":\"EntryPoint\",\"urlTemplate\":\"https:\\\/\\\/villacheralpenarena.at\\\/en\\\/?s={search_term_string}\"},\"query-input\":{\"@type\":\"PropertyValueSpecification\",\"valueRequired\":true,\"valueName\":\"search_term_string\"}}],\"inLanguage\":\"en-US\"},{\"@type\":\"Organization\",\"@id\":\"https:\\\/\\\/villacheralpenarena.at\\\/en\\\/#organization\",\"name\":\"Villacher Alpen Arena\",\"url\":\"https:\\\/\\\/villacheralpenarena.at\\\/en\\\/\",\"logo\":{\"@type\":\"ImageObject\",\"inLanguage\":\"en-US\",\"@id\":\"https:\\\/\\\/villacheralpenarena.at\\\/en\\\/#\\\/schema\\\/logo\\\/image\\\/\",\"url\":\"https:\\\/\\\/villacheralpenarena.at\\\/wp-content\\\/uploads\\\/2025\\\/11\\\/logo_alpen_arena-scaled.png\",\"contentUrl\":\"https:\\\/\\\/villacheralpenarena.at\\\/wp-content\\\/uploads\\\/2025\\\/11\\\/logo_alpen_arena-scaled.png\",\"width\":2048,\"height\":745,\"caption\":\"Villacher Alpen Arena\"},\"image\":{\"@id\":\"https:\\\/\\\/villacheralpenarena.at\\\/en\\\/#\\\/schema\\\/logo\\\/image\\\/\"}}]}<\/script>\n<!-- \/ Yoast SEO plugin. -->","yoast_head_json":{"title":"Sports Facilities - Villacher Alpen Arena","description":"The Villach Alpine Arena offers a wide range of sporting activities in both winter and summer \u2013 there is something for everyone here!","robots":{"index":"index","follow":"follow","max-snippet":"max-snippet:-1","max-image-preview":"max-image-preview:large","max-video-preview":"max-video-preview:-1"},"canonical":"https:\/\/villacheralpenarena.at\/en\/sports-facilities\/","og_locale":"en_US","og_type":"article","og_title":"Sports Facilities - Villacher Alpen Arena","og_description":"The Villach Alpine Arena offers a wide range of sporting activities in both winter and summer \u2013 there is something for everyone here!","og_url":"https:\/\/villacheralpenarena.at\/en\/sports-facilities\/","og_site_name":"Villacher Alpen Arena","article_modified_time":"2026-03-26T09:55:44+00:00","twitter_card":"summary_large_image","twitter_misc":{"Est. reading time":"1 minute"},"schema":{"@context":"https:\/\/schema.org","@graph":[{"@type":"WebPage","@id":"https:\/\/villacheralpenarena.at\/en\/sports-facilities\/","url":"https:\/\/villacheralpenarena.at\/en\/sports-facilities\/","name":"Sports Facilities - Villacher Alpen Arena","isPartOf":{"@id":"https:\/\/villacheralpenarena.at\/en\/#website"},"datePublished":"2022-11-28T13:49:32+00:00","dateModified":"2026-03-26T09:55:44+00:00","description":"The Villach Alpine Arena offers a wide range of sporting activities in both winter and summer \u2013 there is something for everyone here!","breadcrumb":{"@id":"https:\/\/villacheralpenarena.at\/en\/sports-facilities\/#breadcrumb"},"inLanguage":"en-US","potentialAction":[{"@type":"ReadAction","target":["https:\/\/villacheralpenarena.at\/en\/sports-facilities\/"]}]},{"@type":"BreadcrumbList","@id":"https:\/\/villacheralpenarena.at\/en\/sports-facilities\/#breadcrumb","itemListElement":[{"@type":"ListItem","position":1,"name":"Startseite","item":"https:\/\/villacheralpenarena.at\/en\/homepage\/"},{"@type":"ListItem","position":2,"name":"Sports Facilities"}]},{"@type":"WebSite","@id":"https:\/\/villacheralpenarena.at\/en\/#website","url":"https:\/\/villacheralpenarena.at\/en\/","name":"Villacher Alpen Arena","description":"VILLACHER ALPEN ARENA STEHT F\u00c3\u0153R #GRENZENLOSES SPORTVERGN\u00c3\u0153GEN!","publisher":{"@id":"https:\/\/villacheralpenarena.at\/en\/#organization"},"potentialAction":[{"@type":"SearchAction","target":{"@type":"EntryPoint","urlTemplate":"https:\/\/villacheralpenarena.at\/en\/?s={search_term_string}"},"query-input":{"@type":"PropertyValueSpecification","valueRequired":true,"valueName":"search_term_string"}}],"inLanguage":"en-US"},{"@type":"Organization","@id":"https:\/\/villacheralpenarena.at\/en\/#organization","name":"Villacher Alpen Arena","url":"https:\/\/villacheralpenarena.at\/en\/","logo":{"@type":"ImageObject","inLanguage":"en-US","@id":"https:\/\/villacheralpenarena.at\/en\/#\/schema\/logo\/image\/","url":"https:\/\/villacheralpenarena.at\/wp-content\/uploads\/2025\/11\/logo_alpen_arena-scaled.png","contentUrl":"https:\/\/villacheralpenarena.at\/wp-content\/uploads\/2025\/11\/logo_alpen_arena-scaled.png","width":2048,"height":745,"caption":"Villacher Alpen Arena"},"image":{"@id":"https:\/\/villacheralpenarena.at\/en\/#\/schema\/logo\/image\/"}}]}},"publishpress_future_action":{"enabled":false,"date":"2026-05-17 19:17:59","action":"change-status","newStatus":"draft","terms":[],"taxonomy":"translation_priority","extraData":[]},"publishpress_future_workflow_manual_trigger":{"enabledWorkflows":[]},"_links":{"self":[{"href":"https:\/\/villacheralpenarena.at\/en\/wp-json\/wp\/v2\/pages\/6389","targetHints":{"allow":["GET"]}}],"collection":[{"href":"https:\/\/villacheralpenarena.at\/en\/wp-json\/wp\/v2\/pages"}],"about":[{"href":"https:\/\/villacheralpenarena.at\/en\/wp-json\/wp\/v2\/types\/page"}],"author":[{"embeddable":true,"href":"https:\/\/villacheralpenarena.at\/en\/wp-json\/wp\/v2\/users\/228540146"}],"replies":[{"embeddable":true,"href":"https:\/\/villacheralpenarena.at\/en\/wp-json\/wp\/v2\/comments?post=6389"}],"version-history":[{"count":2,"href":"https:\/\/villacheralpenarena.at\/en\/wp-json\/wp\/v2\/pages\/6389\/revisions"}],"predecessor-version":[{"id":6827,"href":"https:\/\/villacheralpenarena.at\/en\/wp-json\/wp\/v2\/pages\/6389\/revisions\/6827"}],"wp:attachment":[{"href":"https:\/\/villacheralpenarena.at\/en\/wp-json\/wp\/v2\/media?parent=6389"}],"curies":[{"name":"wp","href":"https:\/\/api.w.org\/{rel}","templated":true}]}}